{"id":11,"date":"2016-07-29T08:46:46","date_gmt":"2016-07-29T08:46:46","guid":{"rendered":"http:\/\/localhost\/TASKS2016\/welcarepharmacy\/?page_id=11"},"modified":"2017-02-22T10:46:13","modified_gmt":"2017-02-22T10:46:13","slug":"contact-us","status":"publish","type":"page","link":"http:\/\/www.welcaresupply.com\/spanish\/contact-us","title":{"rendered":"Cont\u00e1ctenos"},"content":{"rendered":"<p>Welcare Pharmacy &#038; Surgical<\/p>\n<p>54 Graham Avenue<br \/>\nBrooklyn, NY 11206<\/p>\n<p>Phone: <strong>718-599-7200<\/strong><br \/>\nFax: <strong>718-599-3004<\/strong><br \/>\nEmail: <a href=\"mailto:info@welcaresupply.com\">info@welcaresupply.com<\/a><\/p>\n<p><iframe src=\"https:\/\/www.google.com\/maps\/embed?pb=!1m18!1m12!1m3!1d3024.695721730862!2d-73.94430578469319!3d40.70269854612174!2m3!1f0!2f0!3f0!3m2!1i1024!2i768!4f13.1!3m3!1m2!1s0x89c25bfbd6ade2c5%3A0xc3e47fd6fbb3c6da!2s54+Graham+Ave%2C+Brooklyn%2C+NY+11206%2C+USA!5e0!3m2!1sen!2sph!4v1470099743427\" style=\"border:0;width:100%;height:400px;\" allowfullscreen><\/iframe><\/p>\n<p>P\u00f3ngase en contacto con nosotros en <span class=\"comp\">Welcare Pharmacy &#038; Surgical<\/span> para obtener m\u00e1s informaci\u00f3n. Queremos escuchar de ti.<\/p>\n","protected":false},"excerpt":{"rendered":"<p>Welcare Pharmacy &#038; Surgical 54 Graham Avenue Brooklyn, NY 11206 Phone: 718-599-7200 Fax: 718-599-3004 Email: info@welcaresupply.com P\u00f3ngase en contacto con nosotros en Welcare Pharmacy &#038; Surgical para obtener m\u00e1s informaci\u00f3n. Queremos escuchar de ti.<\/p>\n","protected":false},"author":1,"featured_media":0,"parent":0,"menu_order":0,"comment_status":"closed","ping_status":"closed","template":"","meta":{"footnotes":""},"class_list":["post-11","page","type-page","status-publish","hentry"],"_links":{"self":[{"href":"http:\/\/www.welcaresupply.com\/spanish\/wp-json\/wp\/v2\/pages\/11","targetHints":{"allow":["GET"]}}],"collection":[{"href":"http:\/\/www.welcaresupply.com\/spanish\/wp-json\/wp\/v2\/pages"}],"about":[{"href":"http:\/\/www.welcaresupply.com\/spanish\/wp-json\/wp\/v2\/types\/page"}],"author":[{"embeddable":true,"href":"http:\/\/www.welcaresupply.com\/spanish\/wp-json\/wp\/v2\/users\/1"}],"replies":[{"embeddable":true,"href":"http:\/\/www.welcaresupply.com\/spanish\/wp-json\/wp\/v2\/comments?post=11"}],"version-history":[{"count":13,"href":"http:\/\/www.welcaresupply.com\/spanish\/wp-json\/wp\/v2\/pages\/11\/revisions"}],"predecessor-version":[{"id":4590,"href":"http:\/\/www.welcaresupply.com\/spanish\/wp-json\/wp\/v2\/pages\/11\/revisions\/4590"}],"wp:attachment":[{"href":"http:\/\/www.welcaresupply.com\/spanish\/wp-json\/wp\/v2\/media?parent=11"}],"curies":[{"name":"wp","href":"https:\/\/api.w.org\/{rel}","templated":true}]}}