{"id":123,"date":"2016-08-03T16:22:31","date_gmt":"2016-08-03T16:22:31","guid":{"rendered":"http:\/\/web2.proweaverlinks.com\/tech\/welcarepharmacy\/?page_id=123"},"modified":"2017-02-22T11:11:10","modified_gmt":"2017-02-22T11:11:10","slug":"pharmacy-consultation","status":"publish","type":"page","link":"http:\/\/www.welcaresupply.com\/spanish\/pharmacy-consultation","title":{"rendered":"Consulta de Farmacia"},"content":{"rendered":"<p><img decoding=\"async\" src=\"http:\/\/www.welcaresupply.com\/spanish\/wp-content\/themes\/welcarepharmacy\/images\/thumbs\/consultation.jpg\" alt=\"pharmacists and client\" class=\"fright-img\"\/>No dejamos de cuidar de usted una vez que cumplamos su receta. Nuestros servicios de consejer\u00eda de pacientes de farmacia se ejecutan en profundidad, lo que le permite obtener cualquier pregunta que ha respondido un farmac\u00e9utico cualificado a cualquier hora del d\u00eda. Nuestros servicios de consulta de farmacia est\u00e1n disponibles sin costo adicional para usted. Es nuestra manera de decir gracias por su negocio.<\/p>\n<p><strong>Aliviando los Miedos<\/strong><\/p>\n<p>Cuando obtiene una nueva receta, el papeleo a menudo viene con \u00e9l. Pero \u00bfqu\u00e9 pasa si tiene preguntas, espec\u00edficamente con respecto a cualquier otro medicamento que est\u00e9 tomando o cualquier efecto secundario potencial que pueda esperar experimentar? Ah\u00ed es donde entra nuestro equipo de consultores de farmacia. Una vez que su receta est\u00e9 lista para usted, nos sentaremos con usted o conversaremos con usted por tel\u00e9fono para aliviar cualquier temor que tenga y eliminar cualquier preocupaci\u00f3n que pueda estar luchando.<\/p>\n<p><strong>Consejer\u00eda de Pacientes<\/strong><\/p>\n<p>Sin embargo, nuestros servicios de consejer\u00eda para pacientes incluyen m\u00e1s que contestar preguntas. Un farmac\u00e9utico de consejer\u00eda para pacientes tiene una formaci\u00f3n experta para ofrecer educaci\u00f3n y consejer\u00eda a los pacientes, independientemente de los medicamentos que est\u00e9n tomando. Los servicios de consejer\u00eda de pacientes de farmacia est\u00e1n dise\u00f1ados para que los pacientes se adhieran a las recomendaciones sugeridas, entiendan lo que pueden y no pueden hacer mientras toman estos medicamentos y sean lo m\u00e1s activos posible en el mantenimiento de su propia salud en general. Los farmac\u00e9uticos s\u00f3lo pueden ir tan lejos para asegurar una salud adecuada; Los pacientes deben terminar la tarea.<\/p>\n<p><strong>Establecer una relaci\u00f3n<\/strong><\/p>\n<p>Es importante que usted y un farmac\u00e9utico de consejer\u00eda del paciente establezcan una relaci\u00f3n fuerte para que sepa a d\u00f3nde acudir cuando tenga necesidades de prescripci\u00f3n o preguntas que necesiten ser contestadas. Perm\u00edtanos ayudarle en el camino. Ll\u00e1menos gratis al <strong>718-599-7200<\/strong>.<\/p>\n","protected":false},"excerpt":{"rendered":"<p>No dejamos de cuidar de usted una vez que cumplamos su receta. Nuestros servicios de consejer\u00eda de pacientes de farmacia se ejecutan en profundidad, lo que le permite obtener cualquier pregunta que ha respondido un farmac\u00e9utico cualificado a cualquier hora del d\u00eda. Nuestros servicios de consulta de farmacia est\u00e1n disponibles sin costo adicional para usted. &hellip; <a href=\"http:\/\/www.welcaresupply.com\/spanish\/pharmacy-consultation\">Continue reading <span class=\"meta-nav\">&rarr;<\/span><\/a><\/p>\n","protected":false},"author":1,"featured_media":0,"parent":0,"menu_order":0,"comment_status":"closed","ping_status":"closed","template":"","meta":{"footnotes":""},"class_list":["post-123","page","type-page","status-publish","hentry"],"_links":{"self":[{"href":"http:\/\/www.welcaresupply.com\/spanish\/wp-json\/wp\/v2\/pages\/123","targetHints":{"allow":["GET"]}}],"collection":[{"href":"http:\/\/www.welcaresupply.com\/spanish\/wp-json\/wp\/v2\/pages"}],"about":[{"href":"http:\/\/www.welcaresupply.com\/spanish\/wp-json\/wp\/v2\/types\/page"}],"author":[{"embeddable":true,"href":"http:\/\/www.welcaresupply.com\/spanish\/wp-json\/wp\/v2\/users\/1"}],"replies":[{"embeddable":true,"href":"http:\/\/www.welcaresupply.com\/spanish\/wp-json\/wp\/v2\/comments?post=123"}],"version-history":[{"count":9,"href":"http:\/\/www.welcaresupply.com\/spanish\/wp-json\/wp\/v2\/pages\/123\/revisions"}],"predecessor-version":[{"id":4621,"href":"http:\/\/www.welcaresupply.com\/spanish\/wp-json\/wp\/v2\/pages\/123\/revisions\/4621"}],"wp:attachment":[{"href":"http:\/\/www.welcaresupply.com\/spanish\/wp-json\/wp\/v2\/media?parent=123"}],"curies":[{"name":"wp","href":"https:\/\/api.w.org\/{rel}","templated":true}]}}