{"id":124,"date":"2016-08-03T16:22:40","date_gmt":"2016-08-03T16:22:40","guid":{"rendered":"http:\/\/web2.proweaverlinks.com\/tech\/welcarepharmacy\/?page_id=124"},"modified":"2017-02-22T10:44:43","modified_gmt":"2017-02-22T10:44:43","slug":"compounds","status":"publish","type":"page","link":"http:\/\/www.welcaresupply.com\/spanish\/compounds","title":{"rendered":"Compuestos"},"content":{"rendered":"<p><img decoding=\"async\" src=\"http:\/\/www.welcaresupply.com\/spanish\/wp-content\/themes\/welcarepharmacy\/images\/thumbs\/compound.jpg\" alt=\"pharmacist in the laboratory\" class=\"fright-img\"\/>Compounding es la forma No. 1 para asegurar que todos los clientes reciban las prescripciones apropiadas que necesitan como individuos. Mientras que los medicamentos de venta con receta gen\u00e9ricos y de marca a menudo pueden hacer el trabajo, a veces ofrecen demasiado poco o demasiado de lo que un cliente necesita. En <span class=\"comp\">Welcare Pharmacy &#038; Surgical<\/span>, ofrecemos servicios de composici\u00f3n farmac\u00e9utica desde la creaci\u00f3n de cremas compuestas hasta la fabricaci\u00f3n de medicamentos de dise\u00f1o desde cero para asegurar que las dosis adecuadas est\u00e1n disponibles para todos nuestros clientes.<\/p>\n<p><strong>Servicios de Compuesto de Farmacia<\/strong><\/p>\n<p>En <span class=\"comp\">Welcare Pharmacy &#038; Surgical<\/span>, nuestros servicios de composici\u00f3n de farmacias funcionan profundamente. Nuestro equipo de farmac\u00e9uticos est\u00e1 capacitado expertamente para poder crear nuevos medicamentos desde cero para tratar una variedad de dolencias y condiciones, ahorr\u00e1ndote dinero en el proceso. En lugar de confiar en las recetas del mercado masivo, obtenga lo que su cuerpo requiere utilizando nuestros servicios de composici\u00f3n farmac\u00e9utica.<\/p>\n<p><strong>Cuidado individualizado<\/strong><\/p>\n<p>Con nuestros suministros de compuestos de farmacia, tambi\u00e9n podemos hacerlo para que nunca tenga que tomar una p\u00edldora f\u00edsica. Usted puede estar m\u00e1s c\u00f3modo ingiriendo sus medicamentos en forma l\u00edquida, y podemos hacerlo. La preparaci\u00f3n de productos farmac\u00e9uticos tanto en forma de p\u00edldora como en forma l\u00edquida es nuestra especialidad, y estamos aqu\u00ed para acomodarle lo mejor que podemos. Incluso podemos cambiar los compuestos farmac\u00e9uticos para que sean m\u00e1s sabrosos y agradables para usted, por lo que tomar medicamentos de mala gana puede ser una cosa del pasado.<\/p>\n<p><strong>Obtenga Medicamentos Personalizados<\/strong><\/p>\n<p>Para aprovechar nuestros servicios de composici\u00f3n, simplemente llame hoy a <span class = \"comp\"> Welcare Pharmacy &#038; Surgical<\/span> en <strong>718-599-7200<\/strong>. Estaremos encantados de ayudarle de cualquier manera que podamos para asegurar el compuesto adecuado para su condici\u00f3n.<\/p>\n","protected":false},"excerpt":{"rendered":"<p>Compounding es la forma No. 1 para asegurar que todos los clientes reciban las prescripciones apropiadas que necesitan como individuos. Mientras que los medicamentos de venta con receta gen\u00e9ricos y de marca a menudo pueden hacer el trabajo, a veces ofrecen demasiado poco o demasiado de lo que un cliente necesita. En Welcare Pharmacy &#038; &hellip; <a href=\"http:\/\/www.welcaresupply.com\/spanish\/compounds\">Continue reading <span class=\"meta-nav\">&rarr;<\/span><\/a><\/p>\n","protected":false},"author":1,"featured_media":0,"parent":0,"menu_order":0,"comment_status":"closed","ping_status":"closed","template":"","meta":{"footnotes":""},"class_list":["post-124","page","type-page","status-publish","hentry"],"_links":{"self":[{"href":"http:\/\/www.welcaresupply.com\/spanish\/wp-json\/wp\/v2\/pages\/124","targetHints":{"allow":["GET"]}}],"collection":[{"href":"http:\/\/www.welcaresupply.com\/spanish\/wp-json\/wp\/v2\/pages"}],"about":[{"href":"http:\/\/www.welcaresupply.com\/spanish\/wp-json\/wp\/v2\/types\/page"}],"author":[{"embeddable":true,"href":"http:\/\/www.welcaresupply.com\/spanish\/wp-json\/wp\/v2\/users\/1"}],"replies":[{"embeddable":true,"href":"http:\/\/www.welcaresupply.com\/spanish\/wp-json\/wp\/v2\/comments?post=124"}],"version-history":[{"count":8,"href":"http:\/\/www.welcaresupply.com\/spanish\/wp-json\/wp\/v2\/pages\/124\/revisions"}],"predecessor-version":[{"id":4588,"href":"http:\/\/www.welcaresupply.com\/spanish\/wp-json\/wp\/v2\/pages\/124\/revisions\/4588"}],"wp:attachment":[{"href":"http:\/\/www.welcaresupply.com\/spanish\/wp-json\/wp\/v2\/media?parent=124"}],"curies":[{"name":"wp","href":"https:\/\/api.w.org\/{rel}","templated":true}]}}