{"id":140,"date":"2016-08-03T17:06:15","date_gmt":"2016-08-03T17:06:15","guid":{"rendered":"http:\/\/web2.proweaverlinks.com\/tech\/welcarepharmacy\/?page_id=140"},"modified":"2017-02-22T11:16:31","modified_gmt":"2017-02-22T11:16:31","slug":"prosthetics","status":"publish","type":"page","link":"http:\/\/www.welcaresupply.com\/spanish\/prosthetics","title":{"rendered":"Pr\u00f3tesis"},"content":{"rendered":"<p><img decoding=\"async\" src=\"http:\/\/www.welcaresupply.com\/spanish\/wp-content\/themes\/welcarepharmacy\/images\/thumbs\/prosthetics.jpg\" alt=\"doctor and patient\" class=\"fright-img\"\/><strong>Su fuente para ortopedia y pr\u00f3tesis<\/strong><\/p>\n<p>At <span class=\"comp\">Welcare Pharmacy &#038; Surgical <\/span>, hacemos algo m\u00e1s que proveerle de equipo m\u00e9dico para hacer la vida m\u00e1s f\u00e1cil. Abastecemos a todo tipo de personas, incluyendo personas que han perdido una extremidad debido a diabetes, un accidente, o como resultado de un incidente o condici\u00f3n similar. Llevamos una gama de dispositivos prot\u00e9sicos y empleamos a un personal experimentado entrenado para manejar todos los aspectos del cuidado prot\u00e9sico, as\u00ed que usted sabe m\u00e1s sobre los productos que usted est\u00e1 consiguiendo y c\u00f3mo aplicar y utilizarlos. Si desea saber m\u00e1s sobre ortesis y pr\u00f3tesis y los dispositivos prot\u00e9sicos que llevamos, simplemente llame a uno de nuestros amables miembros del personal hoy.<\/p>\n<p><strong>Atenci\u00f3n personalizada<\/strong><\/p>\n<p>Entendemos que hay muchos tipos diferentes de extremidades prot\u00e9sicas en el mercado hoy en d\u00eda. Para ello, nos aseguramos de que dispongamos de las extremidades prot\u00e9sicas m\u00e1s avanzadas y de las pr\u00f3tesis disponibles. En Welcare Pharmacy &#038; Surgical, atendemos especialmente a amputaciones de extremidades inferiores y tenemos amplios productos para pr\u00f3tesis para piernas. Cada uno de nuestros productos se desarrolla y construye espec\u00edficamente para cada cliente para asegurar un ajuste exacto. Nuestro equipo de dise\u00f1o elaborar\u00e1 una pr\u00f3tesis de pierna o pr\u00f3tesis de rodilla, lo que usted necesita, para satisfacer sus necesidades exactas para que pueda estar seguro de la m\u00e1xima comodidad nivel.<\/p>\n<p><strong>Hable con Nosotros<\/strong><\/p>\n<p>Para asegurarse de que usted est\u00e1 lo m\u00e1s c\u00f3modo posible, tanto con sus pr\u00f3tesis como con nosotros, ofrecemos consultas gratuitas. P\u00f3ngase en contacto con alguien en <span class = \"comp\"> Welcare Pharmacy &#038; Surgical <\/span> hoy para empezar con el proceso y vea c\u00f3mo podemos personalizar el ajuste adecuado para usted. Ll\u00e1menos gratis al <strong> 718-599-7200 <\/strong>.<\/p>\n","protected":false},"excerpt":{"rendered":"<p>Su fuente para ortopedia y pr\u00f3tesis At Welcare Pharmacy &#038; Surgical , hacemos algo m\u00e1s que proveerle de equipo m\u00e9dico para hacer la vida m\u00e1s f\u00e1cil. Abastecemos a todo tipo de personas, incluyendo personas que han perdido una extremidad debido a diabetes, un accidente, o como resultado de un incidente o condici\u00f3n similar. Llevamos una &hellip; <a href=\"http:\/\/www.welcaresupply.com\/spanish\/prosthetics\">Continue reading <span class=\"meta-nav\">&rarr;<\/span><\/a><\/p>\n","protected":false},"author":1,"featured_media":0,"parent":0,"menu_order":0,"comment_status":"closed","ping_status":"closed","template":"","meta":{"footnotes":""},"class_list":["post-140","page","type-page","status-publish","hentry"],"_links":{"self":[{"href":"http:\/\/www.welcaresupply.com\/spanish\/wp-json\/wp\/v2\/pages\/140","targetHints":{"allow":["GET"]}}],"collection":[{"href":"http:\/\/www.welcaresupply.com\/spanish\/wp-json\/wp\/v2\/pages"}],"about":[{"href":"http:\/\/www.welcaresupply.com\/spanish\/wp-json\/wp\/v2\/types\/page"}],"author":[{"embeddable":true,"href":"http:\/\/www.welcaresupply.com\/spanish\/wp-json\/wp\/v2\/users\/1"}],"replies":[{"embeddable":true,"href":"http:\/\/www.welcaresupply.com\/spanish\/wp-json\/wp\/v2\/comments?post=140"}],"version-history":[{"count":7,"href":"http:\/\/www.welcaresupply.com\/spanish\/wp-json\/wp\/v2\/pages\/140\/revisions"}],"predecessor-version":[{"id":4631,"href":"http:\/\/www.welcaresupply.com\/spanish\/wp-json\/wp\/v2\/pages\/140\/revisions\/4631"}],"wp:attachment":[{"href":"http:\/\/www.welcaresupply.com\/spanish\/wp-json\/wp\/v2\/media?parent=140"}],"curies":[{"name":"wp","href":"https:\/\/api.w.org\/{rel}","templated":true}]}}