{"id":142,"date":"2016-08-03T17:06:27","date_gmt":"2016-08-03T17:06:27","guid":{"rendered":"http:\/\/web2.proweaverlinks.com\/tech\/welcarepharmacy\/?page_id=142"},"modified":"2017-02-22T11:09:22","modified_gmt":"2017-02-22T11:09:22","slug":"pediatric-care","status":"publish","type":"page","link":"http:\/\/www.welcaresupply.com\/spanish\/pediatric-care","title":{"rendered":"Cuidado Pedi\u00e1trico"},"content":{"rendered":"<p><img decoding=\"async\" src=\"http:\/\/www.welcaresupply.com\/spanish\/wp-content\/themes\/welcarepharmacy\/images\/thumbs\/pediatric.jpg\" alt=\"baby\" class=\"fright-img\"\/>At <span class=\"comp\">Welcare Pharmacy &#038; Surgical <\/span>, tratamos a adultos y ni\u00f1os por igual, pero nunca los tratamos igual. Entendemos que los ni\u00f1os son mucho m\u00e1s curiosos y quieren explorar el mundo que les rodea, y hacemos todo lo posible para que exploren mientras se mantienen seguros en las ort\u00f3ticas y pr\u00f3tesis correctas. Nuestros especialistas en atenci\u00f3n pedi\u00e1trica tienen una amplia formaci\u00f3n en el trabajo con ni\u00f1os de todas las edades para desarrollar e implementar las pr\u00f3tesis pedi\u00e1tricas y ortop\u00e9dicas apropiadas para beb\u00e9s y ni\u00f1os.<\/p>\n<p><strong>Un programa innovador<\/strong><\/p>\n<p>Utilizamos un programa que evaluar\u00e1 a su hijo de la cabeza a los pies. Usando nuestro estado de la t\u00e9cnica de cuidado pedi\u00e1trico programa, somos capaces de encontrar el mejor ajuste para \u00e9l o ella para que su hijo puede seguir avanzando y creciendo. Debido a que nos damos cuenta de que los ni\u00f1os crecen r\u00e1pido y necesitan m\u00e1s actualizaciones de sus extremidades prot\u00e9sicas y ortesis, nos mantenemos en contacto con los padres para educarlos sobre qu\u00e9 esperar y para comunicar la mejor manera de acomodar a sus ni\u00f1os que est\u00e1n creciendo y explorando.<\/p>\n<p><strong>Pr\u00f3tesis personalizadas para ni\u00f1os<\/strong><\/p>\n<p><span class=\"comp\">Welcare Pharmacy &#038; Surgical <\/span> se enorgullece de ofrecer pr\u00f3tesis personalizables para los ni\u00f1os, ya sea que los necesiten debido a defectos de nacimiento o lesiones. Nuestro centro de atenci\u00f3n pedi\u00e1trica ha cuidado durante a\u00f1os las necesidades prot\u00e9sicas y ortop\u00e9dicas de los ni\u00f1os, y nuestro equipo de especialistas en atenci\u00f3n pedi\u00e1trica hace todo lo posible para mantener el proceso suave tanto para usted como para sus hijos.<\/p>\n<p><strong>Preguntas? Ll\u00e1menos hoy<\/strong><\/p>\n<p>Si tiene preguntas sobre los pasos apropiados que debe tomar para que su hijo se ajuste a un aparato ortop\u00e9dico o prot\u00e9sico, ll\u00e1menos gratis al <strong> 718-599-7200 <\/strong> hoy mismo. Estamos aqu\u00ed para ayudar.<\/p>\n","protected":false},"excerpt":{"rendered":"<p>At Welcare Pharmacy &#038; Surgical , tratamos a adultos y ni\u00f1os por igual, pero nunca los tratamos igual. Entendemos que los ni\u00f1os son mucho m\u00e1s curiosos y quieren explorar el mundo que les rodea, y hacemos todo lo posible para que exploren mientras se mantienen seguros en las ort\u00f3ticas y pr\u00f3tesis correctas. Nuestros especialistas en &hellip; <a href=\"http:\/\/www.welcaresupply.com\/spanish\/pediatric-care\">Continue reading <span class=\"meta-nav\">&rarr;<\/span><\/a><\/p>\n","protected":false},"author":1,"featured_media":0,"parent":0,"menu_order":0,"comment_status":"closed","ping_status":"closed","template":"","meta":{"footnotes":""},"class_list":["post-142","page","type-page","status-publish","hentry"],"_links":{"self":[{"href":"http:\/\/www.welcaresupply.com\/spanish\/wp-json\/wp\/v2\/pages\/142","targetHints":{"allow":["GET"]}}],"collection":[{"href":"http:\/\/www.welcaresupply.com\/spanish\/wp-json\/wp\/v2\/pages"}],"about":[{"href":"http:\/\/www.welcaresupply.com\/spanish\/wp-json\/wp\/v2\/types\/page"}],"author":[{"embeddable":true,"href":"http:\/\/www.welcaresupply.com\/spanish\/wp-json\/wp\/v2\/users\/1"}],"replies":[{"embeddable":true,"href":"http:\/\/www.welcaresupply.com\/spanish\/wp-json\/wp\/v2\/comments?post=142"}],"version-history":[{"count":8,"href":"http:\/\/www.welcaresupply.com\/spanish\/wp-json\/wp\/v2\/pages\/142\/revisions"}],"predecessor-version":[{"id":4619,"href":"http:\/\/www.welcaresupply.com\/spanish\/wp-json\/wp\/v2\/pages\/142\/revisions\/4619"}],"wp:attachment":[{"href":"http:\/\/www.welcaresupply.com\/spanish\/wp-json\/wp\/v2\/media?parent=142"}],"curies":[{"name":"wp","href":"https:\/\/api.w.org\/{rel}","templated":true}]}}