{"id":1477,"date":"2016-08-29T19:02:16","date_gmt":"2016-08-29T19:02:16","guid":{"rendered":"http:\/\/web2.proweaverlinks.com\/tech\/welcarepharmacy\/?page_id=1477"},"modified":"2017-02-22T11:17:14","modified_gmt":"2017-02-22T11:17:14","slug":"special-packaging","status":"publish","type":"page","link":"http:\/\/www.welcaresupply.com\/spanish\/special-packaging","title":{"rendered":"Embalaje Especial"},"content":{"rendered":"<h3>La mayor\u00eda de las personas mayores toman entre 17 y 24 recetas al a\u00f1o y el 58% de esta poblaci\u00f3n comete errores al tomar sus medicamentos. (Seg\u00fan el AARP)<\/h3>\n<p>No tomar todos los medicamentos recetados (incumplimiento) es un problema que enfrentan millones de estadounidenses cada d\u00eda. Se estima que entre el 10 y el 25% de todas las admisiones en hospitales y residencias de ancianos se deben al incumplimiento. Para los 50 millones de estadounidenses que tienen hipertensi\u00f3n cr\u00f3nica, el incumplimiento puede resultar en ataque al coraz\u00f3n, da\u00f1o renal o accidente cerebrovascular.<\/p>\n<p>Si usted o un ser querido corren el riesgo de confundir o olvidar las cantidades de medicamentos que se toman todos los d\u00edas, <span class=\"comp\">Welcare Pharmacy<\/span> tiene la soluci\u00f3n que necesita. <span class=\"comp\">Welcare Pharmacy<\/span> en 54 Graham Avenue, Brooklyn, NY, 11206 ofrecen envases de especialidad que toma el trabajo de conjetura de tomar medicamentos. Nuestro envase especializado permite a las personas obtener el m\u00e1ximo beneficio de sus medicamentos.<\/p>\n<h3>La soluci\u00f3n sencilla y segura para personas con m\u00faltiples medicamentos<\/h3>\n<p>Call <span class=\"comp\">Welcare Pharmacy <\/span> hoy para discutir c\u00f3mo puede configurarse en nuestro Programa de empaque especializado. Le entregamos sus medicamentos a usted &#8211; de forma gratuita para nuestros pacientes de Med Box, nunca se preocupe por llamar a su farmacia para recargas de nuevo. Nos contactamos autom\u00e1ticamente con la oficina de su m\u00e9dico acerca de las recargas.<\/p>\n<h3>C\u00f3mo funciona el empaque especial?<\/h3>\n<p>Med Boxes &#8211; ofrece una soluci\u00f3n sencilla para las personas que toman m\u00faltiples medicamentos durante m\u00faltiples veces durante el d\u00eda. Esta caja conveniente se entrega a usted todos sus medicamentos agrupados por cuando necesitan ser tomados.<br \/>\nAhora usted puede ver si se le olvid\u00f3 un medicamento con un vistazo r\u00e1pido! Todas las direcciones est\u00e1n claramente impresas en f\u00e1cil de leer tipo.<br \/>\nPara su comodidad ofrecemos entrega gratuita y sincronizaci\u00f3n de medicamentos. Es f\u00e1cil de configurar, s\u00f3lo pregunte a nuestro farmac\u00e9utico c\u00f3mo!<\/p>\n<h3>Tus recetas de Wellcare Farmac\u00e9utico: Un recurso para los cuidadores que quieren asegurarse de que sus pacientes sigan las \u00f3rdenes del m\u00e9dico.<\/h3>\n<h3>Qui\u00e9n necesita envases especiales?<\/h3>\n<p>Hogares de ancianos. Cuidado a largo plazo o guarder\u00edas mayores. Enfermeras visitantes. Incluso los miembros de la familia responsables de un familiar que requiere medicamentos regulares. Todos los cuidadores pueden beneficiarse de la comodidad y garant\u00eda de calidad de este servicio. Cada paciente tiene demandas \u00fanicas de medicaci\u00f3n. A menudo, necesitan m\u00e1s de una droga. Y cuando se multiplica a continuaci\u00f3n, un n\u00famero de pacientes, se puede ver por qu\u00e9 es crucial tener los medicamentos adecuados listos en el momento adecuado. Es por eso que somos su <span class=\"comp\">Welcare Pharmacy<\/span> para envases especiales: Colocar los medicamentos de cada paciente en paquetes blister pr\u00e1cticos o planificadores de medicamentos. Se le garantiza un control exhaustivo de la exactitud y las interacciones de medicamentos. Usted no encontrar\u00e1 este servicio en cualquier farmacia &#8211; incluyendo algunas de las mayores cadenas de tiendas. Es una manera m\u00e1s su farmac\u00e9utico de <span class=\"comp\">Welcare<\/span> va la milla adicional &#8211; tomando la tensi\u00f3n y la conjetura fuera de manejar prescripciones m\u00faltiples.<\/p>\n<h3>C\u00f3mo ayuda a los asilos de ancianos?<\/h3>\n<p>Las casas de reposo est\u00e1n obligadas por ley a empaquetar la mayor\u00eda de los medicamentos con informaci\u00f3n espec\u00edfica, incluyendo n\u00fameros de lote y fechas de vencimiento. Por lo que necesitan empaques de burbujas por separado para cada medicamento.<br \/>\nLas enfermeras pueden administrar medicamentos, pero no tienen una licencia para dispensar medicamentos. Es por eso que cada medicamento tiene que ser individualmente marcados y empaquetados.<br \/>\nLas grandes instalaciones de enfermer\u00eda reciben sus medicamentos de las grandes farmacias institucionales &#8211; a menudo, son el \u00fanico juego en la ciudad. Esa es la ruta cara.<br \/>\n<span class=\"comp\">Welcare<\/span> Las recetas proporcionan envases especiales para cualquier medicamento, en envases de una o varias dosis, para hasta cuatro medicamentos por paquete.<\/p>\n<h3>C\u00f3mo ayuda a las enfermeras visitantes?<\/h3>\n<p>Enfermeras visitantes pueden traer todas las recetas para sus muchos pacientes a nosotros. Eso significa que pueden pasar menos tiempo persiguiendo recetas y m\u00e1s tiempo visitando y amamantando.<\/p>\n<h3>Pueden las personas aprovechar este servicio?<\/h3>\n<p>S\u00ed. Si usted est\u00e1 cuidando a alguien que toma varios medicamentos en un horario regular, este servicio puede simplificar su trabajo. Usted puede contar con los medicamentos y las dosis correctos, listos cuando sea necesario.<\/p>\n<h3>C\u00f3mo puedo estar seguro de la exactitud?<\/h3>\n<p>Nuestro personal incluye especialistas certificados, especialmente entrenados para este trabajo minucioso. Y, por supuesto, obtendr\u00e1 el cheque garantizado de Welcare para las interacciones medicamentosas. Todo lo que hacemos est\u00e1 dise\u00f1ado para ahorrar tiempo y facilitar su trabajo.<\/p>\n<h3>Qu\u00e9 tipo de servicios puedo esperar?<\/h3>\n<p>535\/5000<br \/>\nEn primer lugar, dise\u00f1amos un plan totalmente personalizado para cada paciente.<br \/>\nEn segundo lugar, conocemos las regulaciones y nos aseguramos de que sean seguidas diligentemente.<br \/>\nEn tercer lugar, podemos entregarle los medicamentos envasados cada semana &#8211; o cualquier otro horario que necesite. Podemos proporcionar un retorno de 24 horas bajo petici\u00f3n. Cuarto, nuestro servicio de cuentas por cobrar est\u00e1 dise\u00f1ado para manejar la facturaci\u00f3n para grupos o hogares de ancianos. Podemos proporcionar facturaci\u00f3n mensual privada a petici\u00f3n.<br \/>\nPor encima de todo, contamos con experiencia y experiencia comprobadas, y una reputaci\u00f3n de servicio r\u00e1pido, amable y preciso.<\/p>\n<h3>Usted est\u00e1 buscando una mejor manera de servir a todos sus pacientes. Somos su Welcare.<\/h3>\n","protected":false},"excerpt":{"rendered":"<p>La mayor\u00eda de las personas mayores toman entre 17 y 24 recetas al a\u00f1o y el 58% de esta poblaci\u00f3n comete errores al tomar sus medicamentos. (Seg\u00fan el AARP) No tomar todos los medicamentos recetados (incumplimiento) es un problema que enfrentan millones de estadounidenses cada d\u00eda. Se estima que entre el 10 y el 25% &hellip; <a href=\"http:\/\/www.welcaresupply.com\/spanish\/special-packaging\">Continue reading <span class=\"meta-nav\">&rarr;<\/span><\/a><\/p>\n","protected":false},"author":1,"featured_media":0,"parent":0,"menu_order":0,"comment_status":"closed","ping_status":"closed","template":"","meta":{"footnotes":""},"class_list":["post-1477","page","type-page","status-publish","hentry"],"_links":{"self":[{"href":"http:\/\/www.welcaresupply.com\/spanish\/wp-json\/wp\/v2\/pages\/1477","targetHints":{"allow":["GET"]}}],"collection":[{"href":"http:\/\/www.welcaresupply.com\/spanish\/wp-json\/wp\/v2\/pages"}],"about":[{"href":"http:\/\/www.welcaresupply.com\/spanish\/wp-json\/wp\/v2\/types\/page"}],"author":[{"embeddable":true,"href":"http:\/\/www.welcaresupply.com\/spanish\/wp-json\/wp\/v2\/users\/1"}],"replies":[{"embeddable":true,"href":"http:\/\/www.welcaresupply.com\/spanish\/wp-json\/wp\/v2\/comments?post=1477"}],"version-history":[{"count":5,"href":"http:\/\/www.welcaresupply.com\/spanish\/wp-json\/wp\/v2\/pages\/1477\/revisions"}],"predecessor-version":[{"id":4632,"href":"http:\/\/www.welcaresupply.com\/spanish\/wp-json\/wp\/v2\/pages\/1477\/revisions\/4632"}],"wp:attachment":[{"href":"http:\/\/www.welcaresupply.com\/spanish\/wp-json\/wp\/v2\/media?parent=1477"}],"curies":[{"name":"wp","href":"https:\/\/api.w.org\/{rel}","templated":true}]}}