{"id":159,"date":"2016-08-03T17:25:47","date_gmt":"2016-08-03T17:25:47","guid":{"rendered":"http:\/\/web2.proweaverlinks.com\/tech\/welcarepharmacy\/?page_id=159"},"modified":"2019-03-07T11:18:14","modified_gmt":"2019-03-07T11:18:14","slug":"wheelchairs","status":"publish","type":"page","link":"http:\/\/www.welcaresupply.com\/spanish\/wheelchairs","title":{"rendered":"Sillas de Ruedas"},"content":{"rendered":"<h2>Sillas de ruedas en Nueva York, NY, Nueva Jersey y Connecticut<\/h2>\n<p>Hay muchos tipos de sillas de ruedas que se utilizan en el hogar, en instalaciones sanitarias y en la ciudad. Los pacientes no siempre son capaces de moverse por su propia voluntad y una silla de ruedas puede proporcionar movilidad es as\u00ed para reducir los riesgos. Con muchos modelos diferentes para elegir, es importante saber acerca de sus opciones para poder elegir el mejor tipo.<\/p>\n<h2>Comparaci\u00f3n de opciones en sillas de ruedas<\/h2>\n<p>Puesto que hay tantos tipos diferentes de sillas de ruedas, usted desear\u00e1 mirar todas las diversas opciones antes de que usted compre una. En Welcare Drug Store, usted notar\u00e1 una variedad de diferentes sillas de ruedas en nuestro sitio web &#8211; e incluso podemos tener acceso a otros dependiendo de lo que est\u00e1 buscando.<\/p>\n<p>Algunas preguntas que usted querr\u00e1 preguntarse antes de comprar una silla de ruedas incluyen:<\/p>\n<ul>\n<li>Estar\u00e1 el paciente moviendo la silla de ruedas o necesitan ser empujados?<\/li>\n<li>Permanecer\u00e1 la silla de ruedas dentro de casa?<\/li>\n<li>Necesita la silla de ruedas algunas caracter\u00edsticas especiales como espacio para un tanque de ox\u00edgeno o una canasta para alimentos?<\/li>\n<\/ul>\n<p>Tan pronto como usted puede proporcionar respuestas a estas preguntas, ser\u00e1 mucho m\u00e1s f\u00e1cil para usted para comprar una silla de ruedas. Usted tendr\u00e1 que considerar el tama\u00f1o del paciente al elegir una silla de ruedas tambi\u00e9n. Hay sillas de ruedas hechas espec\u00edficamente para ni\u00f1os, adultos, e incluso pacientes bari\u00e1tricos.<\/p>\n<h2>La compra de sillas de ruedas en Nueva York, NY, Nueva Jersey y Connecticut<\/h2>\n<p>En Welcare Drug Store, hacemos que la compra de sillas de ruedas en Nueva York, NY, Nueva Jersey y Connecticut sea m\u00e1s sencilla para usted, porque hacemos la mayor\u00eda del trabajo. Vamos a procesar cualquier tipo de pago de seguro para que no tenga que lidiar con ella &#8211; y potencialmente ni siquiera tiene que pagar nada por la silla de ruedas, porque el seguro cubrir\u00e1 todo.<\/p>\n<p>Si no puede decidir qu\u00e9 silla de ruedas es la adecuada para usted, incluso enviaremos un representante a su casa. Un experto echar\u00e1 un vistazo al paciente, har\u00e1 una variedad de preguntas y determinar\u00e1 qu\u00e9 modelo o modelos son los mejores para que usted elija. Tambi\u00e9n podemos responder a cualquier pregunta que pueda tener y darle una demostraci\u00f3n de diferentes sillas de ruedas.<\/p>\n<p>Nuestro objetivo es siempre ayudarle a encontrar los mejores productos para usted y sus pacientes. Nos especializamos en el cuidado de la salud y nuestros expertos siempre est\u00e1n buscando maneras de ofrecer un mejor servicio al cliente. Ll\u00e1menos hoy al 718-599-7200 y estar\u00e1 encantado de ayudarle con la adquisici\u00f3n de sillas de ruedas.<\/p>\n","protected":false},"excerpt":{"rendered":"<p>Sillas de ruedas en Nueva York, NY, Nueva Jersey y Connecticut Hay muchos tipos de sillas de ruedas que se utilizan en el hogar, en instalaciones sanitarias y en la ciudad. Los pacientes no siempre son capaces de moverse por su propia voluntad y una silla de ruedas puede proporcionar movilidad es as\u00ed para reducir &hellip; <a href=\"http:\/\/www.welcaresupply.com\/spanish\/wheelchairs\">Continue reading <span class=\"meta-nav\">&rarr;<\/span><\/a><\/p>\n","protected":false},"author":1,"featured_media":0,"parent":0,"menu_order":0,"comment_status":"closed","ping_status":"closed","template":"","meta":{"footnotes":""},"class_list":["post-159","page","type-page","status-publish","hentry"],"_links":{"self":[{"href":"http:\/\/www.welcaresupply.com\/spanish\/wp-json\/wp\/v2\/pages\/159","targetHints":{"allow":["GET"]}}],"collection":[{"href":"http:\/\/www.welcaresupply.com\/spanish\/wp-json\/wp\/v2\/pages"}],"about":[{"href":"http:\/\/www.welcaresupply.com\/spanish\/wp-json\/wp\/v2\/types\/page"}],"author":[{"embeddable":true,"href":"http:\/\/www.welcaresupply.com\/spanish\/wp-json\/wp\/v2\/users\/1"}],"replies":[{"embeddable":true,"href":"http:\/\/www.welcaresupply.com\/spanish\/wp-json\/wp\/v2\/comments?post=159"}],"version-history":[{"count":7,"href":"http:\/\/www.welcaresupply.com\/spanish\/wp-json\/wp\/v2\/pages\/159\/revisions"}],"predecessor-version":[{"id":4643,"href":"http:\/\/www.welcaresupply.com\/spanish\/wp-json\/wp\/v2\/pages\/159\/revisions\/4643"}],"wp:attachment":[{"href":"http:\/\/www.welcaresupply.com\/spanish\/wp-json\/wp\/v2\/media?parent=159"}],"curies":[{"name":"wp","href":"https:\/\/api.w.org\/{rel}","templated":true}]}}