{"id":174,"date":"2016-08-03T17:27:24","date_gmt":"2016-08-03T17:27:24","guid":{"rendered":"http:\/\/web2.proweaverlinks.com\/tech\/welcarepharmacy\/?page_id=174"},"modified":"2017-02-22T11:13:46","modified_gmt":"2017-02-22T11:13:46","slug":"respiratory","status":"publish","type":"page","link":"http:\/\/www.welcaresupply.com\/spanish\/respiratory","title":{"rendered":"Respiratorio"},"content":{"rendered":"<\/p>\n<h2>Suministros Respiratorios en Nueva York, NY, Nueva Jersey y Connecticut<\/h2>\n<p>Encontrar los suministros respiratorios adecuados en Nueva York, Nueva York, Nueva Jersey y Connecticut es m\u00e1s f\u00e1cil que nunca. En Welcare Drug Store, estamos comprometidos a ayudarle a encontrar todos los productos necesarios que usted necesita para su salud respiratoria. Si usted est\u00e1 buscando un ox\u00edmetro, un concentrador de ox\u00edgeno, un nebulizador, o varias m\u00e1scaras, podemos ayudarle.<\/p>\n<p>Ofrecemos un alto nivel de atenci\u00f3n al cliente &#8211; y es por eso que incluso podemos ofrecer el mismo d\u00eda o el d\u00eda siguiente entrega de suministros respiratorios en Nueva York, Nueva York, Nueva Jersey y Connecticut. Esto asegura que usted obtenga todos los suministros de salud que necesita durante todo el a\u00f1o.<\/p>\n<p>Si ya sabe lo que necesita o necesita hacer preguntas sobre algunos de los diferentes suministros, no dude en llamarnos al <strong>718-599-7200<\/strong> y tenemos representantes que pueden ayudarle. Le ayudaremos a realizar un pedido en l\u00ednea o por tel\u00e9fono, o puede visitarnos en Brooklyn. Nos encargaremos de que obtenga los precios m\u00e1s bajos y podemos incluso procesar pedidos a trav\u00e9s de su seguro de salud.<\/p>\n","protected":false},"excerpt":{"rendered":"<p>Suministros Respiratorios en Nueva York, NY, Nueva Jersey y Connecticut Encontrar los suministros respiratorios adecuados en Nueva York, Nueva York, Nueva Jersey y Connecticut es m\u00e1s f\u00e1cil que nunca. En Welcare Drug Store, estamos comprometidos a ayudarle a encontrar todos los productos necesarios que usted necesita para su salud respiratoria. Si usted est\u00e1 buscando un &hellip; <a href=\"http:\/\/www.welcaresupply.com\/spanish\/respiratory\">Continue reading <span class=\"meta-nav\">&rarr;<\/span><\/a><\/p>\n","protected":false},"author":1,"featured_media":0,"parent":0,"menu_order":0,"comment_status":"closed","ping_status":"closed","template":"","meta":{"footnotes":""},"class_list":["post-174","page","type-page","status-publish","hentry"],"_links":{"self":[{"href":"http:\/\/www.welcaresupply.com\/spanish\/wp-json\/wp\/v2\/pages\/174","targetHints":{"allow":["GET"]}}],"collection":[{"href":"http:\/\/www.welcaresupply.com\/spanish\/wp-json\/wp\/v2\/pages"}],"about":[{"href":"http:\/\/www.welcaresupply.com\/spanish\/wp-json\/wp\/v2\/types\/page"}],"author":[{"embeddable":true,"href":"http:\/\/www.welcaresupply.com\/spanish\/wp-json\/wp\/v2\/users\/1"}],"replies":[{"embeddable":true,"href":"http:\/\/www.welcaresupply.com\/spanish\/wp-json\/wp\/v2\/comments?post=174"}],"version-history":[{"count":6,"href":"http:\/\/www.welcaresupply.com\/spanish\/wp-json\/wp\/v2\/pages\/174\/revisions"}],"predecessor-version":[{"id":4626,"href":"http:\/\/www.welcaresupply.com\/spanish\/wp-json\/wp\/v2\/pages\/174\/revisions\/4626"}],"wp:attachment":[{"href":"http:\/\/www.welcaresupply.com\/spanish\/wp-json\/wp\/v2\/media?parent=174"}],"curies":[{"name":"wp","href":"https:\/\/api.w.org\/{rel}","templated":true}]}}