{"id":184,"date":"2016-08-03T17:28:54","date_gmt":"2016-08-03T17:28:54","guid":{"rendered":"http:\/\/web2.proweaverlinks.com\/tech\/welcarepharmacy\/?page_id=184"},"modified":"2017-02-22T10:52:21","modified_gmt":"2017-02-22T10:52:21","slug":"incontinence","status":"publish","type":"page","link":"http:\/\/www.welcaresupply.com\/spanish\/incontinence","title":{"rendered":"Incontinencia"},"content":{"rendered":"<\/p>\n<h2>Incontinencia en Nueva York, NY, Nueva Jersey y Connecticut<\/h2>\n<p>Nadie quiere lidiar con la incontinencia en Nueva York, NY, Nueva Jersey y Connecticut. Si es temporal o permanente, la incontinencia puede ser embarazosa y dif\u00edcil de tratar. La buena noticia es que Welcare Drug Store ofrece una amplia gama de suministros para ayudarle a satisfacer todas sus necesidades e incluso proporcionarle apoyo en el camino.<\/p>\n<h2>Suministros de Incontinencia Varios<\/h2>\n<p>Ya sea que usted o su paciente, los suministros de incontinencia en Nueva York, Nueva York, Nueva Jersey y Connecticut deben ser comprados. Esto incluye cosas tales como dep\u00f3sitos y forros, as\u00ed como blancas, f\u00f3rmulas de desinfecci\u00f3n, as\u00ed como una amplia gama de soluciones desechables. Llevamos muchas de las mejores marcas y podemos ayudarle a elegir un producto dise\u00f1ado para el problema con el que est\u00e1 tratando.<\/p>\n<p>Usted puede necesitar pa\u00f1ales para adultos o puede necesitar alg\u00fan otro tipo de suministro de incontinencia. Si usted sabe lo que necesita o no, estamos aqu\u00ed para ayudarle. Tenemos representantes disponibles por tel\u00e9fono, en l\u00ednea, as\u00ed como en nuestra ubicaci\u00f3n de Brooklyn. Siempre es bienvenido a hacer una pregunta y le ofrecemos una variedad de diferentes maneras de hacer estas preguntas para asegurarse de que usted nunca se averg\u00fcenza.<\/p>\n<p>Ofrecemos productos para la incontinencia para hombres y mujeres, asegurando que la anatom\u00eda que hace que los hombres y las mujeres \u00fanicas se cuide adecuadamente. Nuestros productos tambi\u00e9n pueden ser muy c\u00f3modos de llevar &#8211; es simplemente una cuesti\u00f3n de elegir el tipo correcto. Si es la primera vez que compra alg\u00fan tipo de suministros para incontinencia, le recomendamos que solicite ayuda y uno de nuestros representantes capacitados le guiar\u00e1 por lo que necesita.<\/p>\n<h2>Incontinencia de Compras Suministros<\/h2>\n<p>Usted tiene la opci\u00f3n de comprar suministros de incontinencia en Nueva York, NY, Nueva Jersey y Connecticut a trav\u00e9s de nuestro sitio de pedidos en l\u00ednea, en nuestra tienda, o por tel\u00e9fono. En muchos casos, podemos ofrecer el mismo d\u00eda o entrega del d\u00eda siguiente a trav\u00e9s de las \u00e1reas metropolitanas de NY \/ NJ \/ CT. Esto asegura que usted nunca tiene que ir sin los suministros de incontinencia que usted requiere &#8211; que le ayuda a mantener un mayor nivel de salud durante todo el a\u00f1o.<\/p>\n<p>El seguro a menudo cubre los suministros de incontinencia &#8211; y esto es algo que podemos ayudarle con. Nos pondremos en contacto con su compa\u00f1\u00eda de seguros en su nombre para averiguar lo que van a pagar y no lo van a pagar. Si es posible, procesaremos la reclamaci\u00f3n para que no tenga que gastar dinero de su bolsillo.<\/p>\n<p>Simplemente ll\u00e1menos al <strong>718-599-7200<\/strong> para hacer preguntas, realizar un pedido o preguntar acerca de un producto espec\u00edfico.<\/p>\n","protected":false},"excerpt":{"rendered":"<p>Incontinencia en Nueva York, NY, Nueva Jersey y Connecticut Nadie quiere lidiar con la incontinencia en Nueva York, NY, Nueva Jersey y Connecticut. Si es temporal o permanente, la incontinencia puede ser embarazosa y dif\u00edcil de tratar. La buena noticia es que Welcare Drug Store ofrece una amplia gama de suministros para ayudarle a satisfacer &hellip; <a href=\"http:\/\/www.welcaresupply.com\/spanish\/incontinence\">Continue reading <span class=\"meta-nav\">&rarr;<\/span><\/a><\/p>\n","protected":false},"author":1,"featured_media":0,"parent":0,"menu_order":0,"comment_status":"closed","ping_status":"closed","template":"","meta":{"footnotes":""},"class_list":["post-184","page","type-page","status-publish","hentry"],"_links":{"self":[{"href":"http:\/\/www.welcaresupply.com\/spanish\/wp-json\/wp\/v2\/pages\/184","targetHints":{"allow":["GET"]}}],"collection":[{"href":"http:\/\/www.welcaresupply.com\/spanish\/wp-json\/wp\/v2\/pages"}],"about":[{"href":"http:\/\/www.welcaresupply.com\/spanish\/wp-json\/wp\/v2\/types\/page"}],"author":[{"embeddable":true,"href":"http:\/\/www.welcaresupply.com\/spanish\/wp-json\/wp\/v2\/users\/1"}],"replies":[{"embeddable":true,"href":"http:\/\/www.welcaresupply.com\/spanish\/wp-json\/wp\/v2\/comments?post=184"}],"version-history":[{"count":5,"href":"http:\/\/www.welcaresupply.com\/spanish\/wp-json\/wp\/v2\/pages\/184\/revisions"}],"predecessor-version":[{"id":4595,"href":"http:\/\/www.welcaresupply.com\/spanish\/wp-json\/wp\/v2\/pages\/184\/revisions\/4595"}],"wp:attachment":[{"href":"http:\/\/www.welcaresupply.com\/spanish\/wp-json\/wp\/v2\/media?parent=184"}],"curies":[{"name":"wp","href":"https:\/\/api.w.org\/{rel}","templated":true}]}}