{"id":185,"date":"2016-08-03T17:29:06","date_gmt":"2016-08-03T17:29:06","guid":{"rendered":"http:\/\/web2.proweaverlinks.com\/tech\/welcarepharmacy\/?page_id=185"},"modified":"2017-02-22T11:07:21","modified_gmt":"2017-02-22T11:07:21","slug":"ostomy","status":"publish","type":"page","link":"http:\/\/www.welcaresupply.com\/spanish\/ostomy","title":{"rendered":"Ostom\u00eda"},"content":{"rendered":"<\/p>\n<h2>Ostomy Supplies en Nueva York, NY, Nueva Jersey y Connecticut<\/h2>\n<p>Una vez que usted ha tenido un procedimiento de ostom\u00eda, es importante que usted tiene todos los suministros de ostom\u00eda necesarios para cuidar de usted (o su paciente) durante todo el a\u00f1o. Estamos dedicados a proporcionarle una amplia gama de suministros, incluyendo cat\u00e9teres, pasta, adhesivos y mucho m\u00e1s.<\/p>\n<p>Podremos enviar los productos a usted y en algunos casos, podemos entregar los suministros de ostom\u00eda en Nueva York, NY, Nueva Jersey y Connecticut a su puerta en el mismo d\u00eda o al d\u00eda siguiente para que nunca tenga que Esperar sus productos.<\/p>\n<p>En Welcare Drug Store, nos enorgullecemos de nuestro servicio al cliente y esto incluye ser capaz de ayudarle a pagar sus suministros de ostom\u00eda. Estamos encantados de procesar las reclamaciones de seguro en su nombre para que tenga poco que gastar de su bolsillo en cualquier cosa que usted requiere. Despu\u00e9s de todo, no tener suministros de ostom\u00eda puede conducir a una disminuci\u00f3n de su salud r\u00e1pidamente y estamos comprometidos a prevenir eso.<\/p>\n","protected":false},"excerpt":{"rendered":"<p>Ostomy Supplies en Nueva York, NY, Nueva Jersey y Connecticut Una vez que usted ha tenido un procedimiento de ostom\u00eda, es importante que usted tiene todos los suministros de ostom\u00eda necesarios para cuidar de usted (o su paciente) durante todo el a\u00f1o. Estamos dedicados a proporcionarle una amplia gama de suministros, incluyendo cat\u00e9teres, pasta, adhesivos &hellip; <a href=\"http:\/\/www.welcaresupply.com\/spanish\/ostomy\">Continue reading <span class=\"meta-nav\">&rarr;<\/span><\/a><\/p>\n","protected":false},"author":1,"featured_media":0,"parent":0,"menu_order":0,"comment_status":"closed","ping_status":"closed","template":"","meta":{"footnotes":""},"class_list":["post-185","page","type-page","status-publish","hentry"],"_links":{"self":[{"href":"http:\/\/www.welcaresupply.com\/spanish\/wp-json\/wp\/v2\/pages\/185","targetHints":{"allow":["GET"]}}],"collection":[{"href":"http:\/\/www.welcaresupply.com\/spanish\/wp-json\/wp\/v2\/pages"}],"about":[{"href":"http:\/\/www.welcaresupply.com\/spanish\/wp-json\/wp\/v2\/types\/page"}],"author":[{"embeddable":true,"href":"http:\/\/www.welcaresupply.com\/spanish\/wp-json\/wp\/v2\/users\/1"}],"replies":[{"embeddable":true,"href":"http:\/\/www.welcaresupply.com\/spanish\/wp-json\/wp\/v2\/comments?post=185"}],"version-history":[{"count":5,"href":"http:\/\/www.welcaresupply.com\/spanish\/wp-json\/wp\/v2\/pages\/185\/revisions"}],"predecessor-version":[{"id":4615,"href":"http:\/\/www.welcaresupply.com\/spanish\/wp-json\/wp\/v2\/pages\/185\/revisions\/4615"}],"wp:attachment":[{"href":"http:\/\/www.welcaresupply.com\/spanish\/wp-json\/wp\/v2\/media?parent=185"}],"curies":[{"name":"wp","href":"https:\/\/api.w.org\/{rel}","templated":true}]}}