{"id":2,"date":"2016-07-29T08:37:55","date_gmt":"2016-07-29T08:37:55","guid":{"rendered":"http:\/\/localhost\/TASKS2016\/welcarepharmacy\/?page_id=2"},"modified":"2017-02-22T08:20:32","modified_gmt":"2017-02-22T08:20:32","slug":"home","status":"publish","type":"page","link":"http:\/\/www.welcaresupply.com\/spanish\/","title":{"rendered":"Home"},"content":{"rendered":"<div class=\"home-products\">\n<ul>\n<li><img decoding=\"async\" class=\"home-images\" src=\"http:\/\/www.welcaresupply.com\/spanish\/wp-content\/themes\/welcarepharmacy\/images\/featured\/thumb-wheelchair.jpg\" alt=\"wheelchair\" \/><a class=\"home-links\" title=\"Wheelchairs\" href=\"http:\/\/www.welcaresupply.com\/spanish\/product-category\/wheelchairs\">Wheelchair<\/a><\/li>\n<li><img decoding=\"async\" class=\"home-images\" src=\"http:\/\/www.welcaresupply.com\/spanish\/wp-content\/themes\/welcarepharmacy\/images\/featured\/thumb-mobility.jpg\" alt=\"power mobility\" \/><a class=\"home-links\" title=\"Power Mobility\" href=\"http:\/\/www.welcaresupply.com\/spanish\/product-category\/power-mobility\">Power Mobility<\/a><\/li>\n<li><img decoding=\"async\" class=\"home-images\" src=\"http:\/\/www.welcaresupply.com\/spanish\/wp-content\/themes\/welcarepharmacy\/images\/featured\/thumb-BathSafety.jpg\" alt=\"bathroom safety\" \/><a class=\"home-links\" title=\"Bathroom Safety\" href=\"http:\/\/www.welcaresupply.com\/spanish\/product-category\/bath-safety\">Bathroom Safety<\/a><\/li>\n<li><img decoding=\"async\" class=\"home-images\" src=\"http:\/\/www.welcaresupply.com\/spanish\/wp-content\/themes\/welcarepharmacy\/images\/featured\/thumb-mask.jpg\" alt=\"sleep therapy\" \/><a class=\"home-links\" title=\"Sleep Therapy\" href=\"http:\/\/www.welcaresupply.com\/spanish\/product-category\/sleep-therapy\">Sleep Therapy<\/a><\/li>\n<li><img decoding=\"async\" class=\"home-images\" src=\"http:\/\/www.welcaresupply.com\/spanish\/wp-content\/themes\/welcarepharmacy\/images\/featured\/thumb-Incontinence.jpg\" alt=\"incontinence\" \/><a class=\"home-links\" title=\"Incontinence\" href=\"http:\/\/www.welcaresupply.com\/spanish\/product-category\/incontinence\">Incontinence<\/a><\/li>\n<li><img decoding=\"async\" class=\"home-images\" src=\"http:\/\/www.welcaresupply.com\/spanish\/wp-content\/themes\/welcarepharmacy\/images\/featured\/thumb-Orthopedics.jpg\" alt=\"orthopedics\" \/><a class=\"home-links\" title=\"Orthopedics\" href=\"http:\/\/www.welcaresupply.com\/spanish\/product-category\/orthopedics\">Orthopedics<\/a><\/li>\n<li><img decoding=\"async\" class=\"home-images\" src=\"http:\/\/www.welcaresupply.com\/spanish\/wp-content\/themes\/welcarepharmacy\/images\/featured\/thumb-Rollators.jpg\" alt=\"rollators\" \/><a class=\"home-links\" title=\"Rollators\" href=\"http:\/\/www.welcaresupply.com\/spanish\/product-category\/rollators\">Rollators<\/a><\/li>\n<li><img decoding=\"async\" class=\"home-images\" src=\"http:\/\/www.welcaresupply.com\/spanish\/wp-content\/themes\/welcarepharmacy\/images\/featured\/thumb-BedAccessories.jpg\" alt=\"bed accessories\" \/><a class=\"home-links\" title=\"Bed Accessories\" href=\"http:\/\/www.welcaresupply.com\/spanish\/product-category\/bed-accessories\">Bed Accessories<\/a><\/li>\n<\/ul>\n<\/div>\n<p>Bienvenido a &#8216;Welcare Pharmacy &#038; amp; Surgical Supplies&#8217;. Donde encontrar\u00e1 soluciones de calidad asequibles para todas sus necesidades de atenci\u00f3n m\u00e9dica en el hogar. Con una gama completa de equipos y suministros m\u00e9dicos, &#8216;Welcare Pharmacy &#038; amp; Surgical Supplies&#8217; le proporcionar\u00e1 productos superiores y un personal bien informado. Redescubra la confianza que viene con la independencia de un viaje al trabajo, el juego, el gimnasio, el yoga, o dondequiera que su imaginaci\u00f3n le lleve. Con los productos adecuados, nada te ralentizar\u00e1!<\/p>\n<p>En, &#8216;Welcare Pharmacy &amp; Surgical Supplies&#8217; entendemos que vivir con ciertas condiciones m\u00e9dicas y trastornos o recuperarse de lesiones y cirug\u00edas puede ser dif\u00edcil de hacer frente. Tambi\u00e9n entendemos que la compra de productos especiales puede ser frustrante. Es esta comprensi\u00f3n lo que nos deja seguros de que nuestros consultores capacitados y experimentados le ayudar\u00e1n a encontrar la soluci\u00f3n adecuada para manejar su condici\u00f3n y recuperar su independencia. Ofrecemos atenci\u00f3n de calidad y productos en un ambiente c\u00f3modo y profesional, y ofrecemos informaci\u00f3n educativa dise\u00f1ada para ayudarle a llegar a una mejor comprensi\u00f3n de su condici\u00f3n y sus m\u00e9todos de tratamiento.<\/p>\n<p>Cuando se est\u00e1 recuperando de la cirug\u00eda o aprendiendo a vivir con una condici\u00f3n cr\u00f3nica, es importante mantener su energ\u00eda centrada en su salud. Usted no debe tener que preocuparse de sus suministros m\u00e9dicos, o si usted tiene el equipo adecuado para ayudar a facilitar su hogar de transici\u00f3n. En &#8216;Welcare Pharmacy &amp; Surgical Supplies&#8217;, haremos todo eso y m\u00e1s para usted. Le proporcionaremos lo \u00faltimo y mejor en equipos de cuidado de la salud en el hogar para hacer su vida m\u00e1s agradable. Det\u00e9ngase y vis\u00edtenos, ay\u00fadenos a ayudarle. Porque nos importa como una farmacia especializada. &#8216;Welcare Pharmacy &amp; Surgical Supplies&#8217; ubicado en Williamsburg, Brooklyn Nueva York nuestra direcci\u00f3n 54 Graham Avenue. Adem\u00e1s de especializarse en Surgical Supplies &#8216;Welcare Pharmacy &amp; Surgical Supplies&#8217; tambi\u00e9n hace los medicamentos de combinaci\u00f3n para cumplir con el requerimiento espec\u00edfico del paciente. Como una farmacia especializada &#8216;Welcare Pharmacy &amp; Surgical Supplies&#8217; Compuesto con una fuerte presencia en el \u00e1rea metropolitana de Nueva York,&#8217;Welcare Pharmacy &amp; Surgical Supplies&#8217; Compounding ofrece una amplia gama de servicios a sus pacientes y proveedores, que incluyen:<\/p>\n<ul>\n<li>Servicios complejos para adaptar los medicamentos a los requerimientos espec\u00edficos del paciente<\/li>\n<li>Prevenci\u00f3n de errores en los medicamentos<\/li>\n<li>Mejora de la detecci\u00f3n de eventos adversos de medicamentos<\/li>\n<li>Educaci\u00f3n y asesoramiento dise\u00f1ados para mejorar su comprensi\u00f3n de su condici\u00f3n y el uso apropiado de sus medicamentos<\/li>\n<li>Asistencia para ayudarle a comprender sus co-pagos y deducibles<\/li>\n<li>Inscripci\u00f3n en programas de asistencia financiera que pueden hacer que sus medicamentos sean m\u00e1s asequibles<\/li>\n<li>Servicio de recogida y entrega gratuito en cualquier parte del \u00e1rea de la ciudad de Nueva York, que incluye servicio de entrega de emergencia cuando sea necesario inmediatamente<\/li>\n<li>Env\u00edos FedEx al d\u00eda siguiente en los Estados Unidos continentales<\/li>\n<li>Los precios m\u00e1s bajos posibles en todos los medicamentos<\/li>\n<li>Informaci\u00f3n completa y completa sobre los medicamentos con cada orden para ayudarle a entender su medicamento y maximizar los beneficios para usted<\/li>\n<li>Confidencialidad de todos los registros, conversaciones y env\u00edos<\/li>\n<li>\u00c1reas de consulta privadas donde nuestros farmac\u00e9uticos certificados pueden discutir sus medicamentos y sus necesidades de salud.<\/li>\n<li>Programas de asistencia al paciente y verificaci\u00f3n de seguros<\/li>\n<li>La administraci\u00f3n de la vacuna durante todo el a\u00f1o?<\/li>\n<li>Prueba de la presi\u00f3n arterial durante todo el a\u00f1o<\/li>\n<li>Servicios complejos para adaptar los medicamentos a los requerimientos espec\u00edficos del paciente<\/li>\n<li>Soporte de autorizaci\u00f3n previa de un equipo dedicado<\/li>\n<\/ul>\n<p><iframe class=\"ytube-vid\" src=\"https:\/\/www.youtube.com\/embed\/EwEuhzD_72k?rel=0\" frameborder=\"0\" allowfullscreen><\/iframe><br \/>\n<iframe class=\"ytube-vid\"src=\"https:\/\/www.youtube.com\/embed\/ZGU2xt-8S-I?rel=0\" frameborder=\"0\" allowfullscreen><\/iframe><br \/>\n<iframe class=\"ytube-vid\" src=\"https:\/\/www.youtube.com\/embed\/c3Lchf1FXDE?rel=0\" frameborder=\"0\" allowfullscreen><\/iframe><\/p>\n","protected":false},"excerpt":{"rendered":"<p>Wheelchair Power Mobility Bathroom Safety Sleep Therapy Incontinence Orthopedics Rollators Bed Accessories Bienvenido a &#8216;Welcare Pharmacy &#038; amp; Surgical Supplies&#8217;. Donde encontrar\u00e1 soluciones de calidad asequibles para todas sus necesidades de atenci\u00f3n m\u00e9dica en el hogar. Con una gama completa de equipos y suministros m\u00e9dicos, &#8216;Welcare Pharmacy &#038; amp; Surgical Supplies&#8217; le proporcionar\u00e1 productos superiores &hellip; <a href=\"http:\/\/www.welcaresupply.com\/spanish\/\">Continue reading <span class=\"meta-nav\">&rarr;<\/span><\/a><\/p>\n","protected":false},"author":1,"featured_media":0,"parent":0,"menu_order":0,"comment_status":"closed","ping_status":"open","template":"","meta":{"footnotes":""},"class_list":["post-2","page","type-page","status-publish","hentry"],"_links":{"self":[{"href":"http:\/\/www.welcaresupply.com\/spanish\/wp-json\/wp\/v2\/pages\/2","targetHints":{"allow":["GET"]}}],"collection":[{"href":"http:\/\/www.welcaresupply.com\/spanish\/wp-json\/wp\/v2\/pages"}],"about":[{"href":"http:\/\/www.welcaresupply.com\/spanish\/wp-json\/wp\/v2\/types\/page"}],"author":[{"embeddable":true,"href":"http:\/\/www.welcaresupply.com\/spanish\/wp-json\/wp\/v2\/users\/1"}],"replies":[{"embeddable":true,"href":"http:\/\/www.welcaresupply.com\/spanish\/wp-json\/wp\/v2\/comments?post=2"}],"version-history":[{"count":41,"href":"http:\/\/www.welcaresupply.com\/spanish\/wp-json\/wp\/v2\/pages\/2\/revisions"}],"predecessor-version":[{"id":4540,"href":"http:\/\/www.welcaresupply.com\/spanish\/wp-json\/wp\/v2\/pages\/2\/revisions\/4540"}],"wp:attachment":[{"href":"http:\/\/www.welcaresupply.com\/spanish\/wp-json\/wp\/v2\/media?parent=2"}],"curies":[{"name":"wp","href":"https:\/\/api.w.org\/{rel}","templated":true}]}}