{"id":36,"date":"2016-07-29T08:50:29","date_gmt":"2016-07-29T08:50:29","guid":{"rendered":"http:\/\/localhost\/TASKS2016\/welcarepharmacy\/?page_id=36"},"modified":"2017-02-22T10:44:15","modified_gmt":"2017-02-22T10:44:15","slug":"compounding","status":"publish","type":"page","link":"http:\/\/www.welcaresupply.com\/spanish\/compounding","title":{"rendered":"Compounding"},"content":{"rendered":"<h1 style=\"font-size:28px;margin-top:10px;\">Qu\u00e9 es Compounding?<\/h1>\n<p><img decoding=\"async\" src=\"http:\/\/www.welcaresupply.com\/spanish\/wp-content\/themes\/welcarepharmacy\/images\/thumbs\/comp.jpg\" alt=\"tray of medicines\" class=\"fright-img\"\/><\/p>\n<p><strong style=\"font-size:26px;\">Como funciona?<\/strong><\/p>\n<p><strong>Composici\u00f3n farmac\u00e9utica <\/strong> es la ciencia responsable de la creaci\u00f3n de medicamentos personalizados. Los medicamentos compuestos se crean combinando ingredientes individuales en la fuerza exacta y la forma de dosificaci\u00f3n requerida por el paciente y sus propias necesidades \u00fanicas.<\/p>\n<p><strong style=\"font-size:26px;\">Cu\u00e1les son los Beneficios del Compounding?<\/strong><\/p>\n<p>Hay beneficios asociados con la composici\u00f3n, muchos de los cuales se centran en proporcionar a los pacientes productos farmac\u00e9uticos que se han personalizado para adaptarse a sus propias necesidades \u00fanicas cuando los medicamentos comercializados est\u00e1ndar no lo hacen.<\/p>\n<p>Compounding a menudo es necesario por razones m\u00e9dicas; Algunos pacientes requieren que un ingrediente no esencial sea removido de su medicaci\u00f3n para prevenir una reacci\u00f3n al\u00e9rgica. Otros requieren medicamentos compuestos para adquirir una cantidad de dosis exacta que es \u00fanica para sus propias necesidades personales y que puede no estar disponible en los medicamentos disponibles disponibles.<\/p>\n<p>Las farmacias compuestas tambi\u00e9n se utilizan por razones m\u00e1s optativas. Muchas veces, los pacientes necesitar\u00e1n sus medicamentos en una forma diferente. Por ejemplo, si un paciente anciano o pedi\u00e1trico tiene dificultad para tomar su medicaci\u00f3n en forma <strong> c\u00e1psula <\/strong>; Un farmac\u00e9utico de composici\u00f3n puede proporcionar la misma medicaci\u00f3n en una forma de base de crema para permitir que el paciente aplique el medicamento t\u00f3picamente o en forma de jarabe o soluci\u00f3n para facilitar la administraci\u00f3n. La composici\u00f3n farmac\u00e9utica tambi\u00e9n se usa para cambiar el <strong> sabor <\/strong> y <strong> color <\/strong> de los medicamentos, para hacerlo m\u00e1s apetecible y est\u00e9ticamente atractivo para los pacientes, especialmente con los ni\u00f1os e incluso con los animales.<\/p>\n<p><strong style=\"font-size:26px;\">Qui\u00e9n prepara medicamentos compuestos?<\/strong><\/p>\n<p>Los medicamentos compuestos son ordenados por un m\u00e9dico licenciado, veterinario u otro prescriptor, y deben ser mezclados en un ambiente seguro y cuidadosamente controlado por un farmac\u00e9utico compuesto.<\/p>\n<h1 style=\"font-size:28px;\">Tipos de Compounding<\/h1>\n<p><strong style=\"font-size:26px;\">El manejo del dolor<\/strong><\/p>\n<p>Vivir con dolor cr\u00f3nico es una realidad para innumerables personas, j\u00f3venes y viejos. Muchas de las opciones disponibles de alivio del dolor vienen en forma de narc\u00f3ticos o drogas con efectos secundarios sustanciales. Si bien estas opciones pueden ayudar a reducir el dolor, los numerosos efectos secundarios pueden ser motivo de gran preocupaci\u00f3n. Con los avances en la composici\u00f3n farmac\u00e9utica, estas personas pueden ahora recibir medicamentos que se personaliza para sus propias necesidades \u00fanicas con el fin de proporcionar alivio del dolor. Utilizando una serie de diferentes opciones de soluci\u00f3n de composici\u00f3n como cremas, geles, ung\u00fcentos, aerosoles, c\u00e1psulas y otros, las condiciones dolorosas se pueden manejar de una manera adaptada a las necesidades individuales de cada paciente.<\/p>\n<p><strong style=\"font-size:26px;\">Dermatolog\u00eda<\/strong><\/p>\n<p>Puede ser dif\u00edcil encontrar la soluci\u00f3n adecuada para las preocupaciones de la piel, como el acn\u00e9, ros\u00e1cea, eczema, psoriasis o incluso preocupaciones est\u00e9ticas, como l\u00edneas finas y arrugas profundas. Muchos productos para el cuidado de la piel pueden dejar efectos secundarios no deseados, como sequedad, adelgazamiento, piel roja, descamaci\u00f3n e irritaci\u00f3n de la piel. Compounding permite que los medicamentos adecuados para adaptarse a las necesidades del paciente seleccionando cuidadosamente los agentes hidratantes adecuados, bases no irritantes y productos hipoalerg\u00e9nicos para tratar sus preocupaciones en funci\u00f3n de su tipo de piel. Las soluciones compuestas para las preocupaciones dermatol\u00f3gicas vienen m\u00e1s a menudo en la forma de cremas, de ung\u00fcentos, de geles, de aerosoles, de polvos t\u00f3picos y de champ\u00fas.<\/p>\n<p><strong style=\"font-size:26px;\">Pediatr\u00eda<\/strong><\/p>\n<p>Nadie quiere que la salud de su hijo dependa de si su hijo o hija se niega a tomar el medicamento debido a que la prueba es &#8220;asquerosa&#8221; o porque no est\u00e1 disponible en una forma de dosificaci\u00f3n amigable para los ni\u00f1os, como tabletas masticables o l\u00edquidos, No puede tragarse una tableta grande o una c\u00e1psula. Muchas veces la medicaci\u00f3n es dif\u00edcil de medir y encontrar la dosis adecuada para un ni\u00f1o. Composici\u00f3n pedi\u00e1trica da la capacidad de personalizar completamente la medicaci\u00f3n para la preferencia de sabor \u00fanico de su hijo y la condici\u00f3n en mente, ya sea que incluye ser libre de conservantes, libre de tinte, libre de az\u00facar o cualquier otra personalizaci\u00f3n que puede ser necesario. La medicaci\u00f3n puede ser entregada en una soluci\u00f3n de composici\u00f3n m\u00e1s amigable para los ni\u00f1os, como gomitas, trociscos, pastillas, piruletas, l\u00edquidos orales y m\u00e1s.<\/p>\n<p><strong style=\"font-size:26px;\">Geriatr\u00eda<\/strong><\/p>\n<p>Las preocupaciones que tenemos para la dosificaci\u00f3n de medicamentos en los ni\u00f1os a menudo se comparten para la dosificaci\u00f3n de medicamentos para los ancianos. Cuanto m\u00e1s viejos tenemos, condiciones como sequedad bucal hacen que sea muy dif\u00edcil tragar tabletas y c\u00e1psulas. Adem\u00e1s, muchos pacientes de edad avanzada necesitan tomar varios medicamentos en dosis que son menores de lo que normalmente se requiere para el adulto de edad media. Compounding ofrece una soluci\u00f3n para abordar algunos de estos problemas mediante la combinaci\u00f3n de m\u00faltiples medicamentos en una preparaci\u00f3n, que no s\u00f3lo puede hacer m\u00e1s f\u00e1cil de administrar, sino tambi\u00e9n m\u00e1s conveniente para el paciente. Las soluciones de composici\u00f3n geri\u00e1trica vienen en muchos veh\u00edculos diferentes, tales como l\u00edquidos orales, cremas, ung\u00fcentos, geles, mesas de disoluci\u00f3n r\u00e1pida, inyecciones, supositorios y m\u00e1s.<\/p>\n<p><strong style=\"font-size:26px;\">Terapia de Reemplazo Hormonal (HRT)<\/strong><\/p>\n<p>Las hormonas juegan un papel enorme en nuestro estado general de salud. Lamentablemente, a medida que envejecemos, nuestros niveles hormonales pueden aumentar, disminuir o fluctuar. Estos cambios en los niveles hormonales causan s\u00edntomas que van desde el aumento de peso \/ p\u00e9rdida, los cambios de humor, la p\u00e9rdida de cabello y todo lo intermedio para hombres y mujeres. El compuesto permite que el tratamiento adecuadamente prescrito sea completamente personalizado en base a los niveles de hormonas, s\u00edntomas y problemas de salud del paciente, cuando la medicaci\u00f3n disponible comercialmente no pueda atender o ser adecuada a sus necesidades. Las soluciones de combinaci\u00f3n de HRT m\u00e1s frecuentes son cremas, geles, trociscos, pastillas, gotas, inyecciones, c\u00e1psulas, supositorios vaginales y tabletas de disoluci\u00f3n r\u00e1pida.<\/p>\n<p><strong style=\"font-size:26px;\">Veterinario<\/strong><\/p>\n<p>La mayor\u00eda de los medicamentos se fabrican con el uso previsto en los seres humanos en lugar de los animales. Mientras que el medicamento en s\u00ed puede seguir tratando a su amigo peludo, son los otros ingredientes, los ingredientes inactivos, que a veces puede ser t\u00f3xico para su mascota. Compounding permite la terapia de medicaci\u00f3n m\u00e1s adecuada teniendo en cuenta los h\u00e1bitos \u00fanicos y las preferencias de sabor de su mascota. Cuando se trata de compounding veterinario, las soluciones de composici\u00f3n m\u00e1s populares son pastas orales, cremas, ung\u00fcentos, geles, l\u00edquidos orales, <strong> gomas masticables <\/strong>, c\u00e1psulas y polvos.<\/p>\n<p><strong style=\"font-size:26px;\">Las recetas compuestas son seguras?<\/strong><\/p>\n<p>La Administraci\u00f3n de Alimentos y Medicamentos reconoce que la pr\u00e1ctica de la composici\u00f3n farmac\u00e9utica es una alternativa importante de salud p\u00fablica para los pacientes que requieren medicamentos que no est\u00e1n disponibles comercialmente o que no est\u00e1n disponibles debido a la escasez de medicamentos. Por ejemplo, la composici\u00f3n de la farmacia puede ser necesaria si un paciente necesita una medicaci\u00f3n personalizada sin un cierto tinte debido a una alergia.<\/p>\n<p>Para asegurar la seguridad del paciente, las prescripciones de composici\u00f3n deben ser prescritas por un m\u00e9dico con licencia y compuestas por un farmac\u00e9utico con licencia. Las farmacias compuestas tambi\u00e9n deben cumplir con las regulaciones establecidas por las Juntas Estatales de Farmacia. Adem\u00e1s, los productos y suministros utilizados por las farmacias de capitalizaci\u00f3n deben proceder de Health Canada, instalaciones registradas y inspeccionadas por la FDA.<\/p>\n<p>Como establecimiento inscrito en Canad\u00e1 y FDA, MEDISCA busca cumplir con los GMPc y adopta un enfoque proactivo para mejorar el control de calidad. Adem\u00e1s, como resultado de nuestro compromiso con la calidad, <strong> las instalaciones de distribuci\u00f3n de MEDISCA <\/strong> en Plattsburgh, NY y Las Vegas, NV han recibido la acreditaci\u00f3n de VAWD, demostrando a nuestros clientes que tomamos medidas para asegurar la distribuci\u00f3n segura de medicamentos con receta.<\/p>\n<p><strong style=\"font-size:26px;\">Los seguros cubren recetas compuestas?<\/strong><\/p>\n<p>Dependiendo de su plan de seguro, los pacientes pueden ser reembolsados mediante el env\u00edo de formularios de reclamaci\u00f3n. Muchas compa\u00f1\u00edas de seguros reembolsar\u00e1n las recetas compuestas; Sin embargo, le sugerimos que consulte con su proveedor de seguros para obtener beneficios elegibles.<\/p>\n<p><strong style=\"font-size:26px;\">Qu\u00e9 tipos de recetas se pueden combinar?<\/strong><\/p>\n<p>Casi cualquier medicamento puede ser compuesto. Las prescripciones combinadas est\u00e1n destinadas a pacientes que requieren medicaci\u00f3n personalizada. Los veh\u00edculos de entrega que se utilizan a menudo para componer incluyen:<\/p>\n<ul>\n<li>Cremas, geles y ung\u00fcentos<\/li>\n<li>Soluciones y suspensiones orales<\/li>\n<li>Tabletas y c\u00e1psulas<\/li>\n<li>Lollipops y pastillas<\/li>\n<li>Sprays<\/li>\n<li>Supositorios<\/li>\n<li>B\u00e1lsamos<\/li>\n<li>Polvos<\/li>\n<li>Trata de animales<\/li>\n<\/ul>\n","protected":false},"excerpt":{"rendered":"<p>Qu\u00e9 es Compounding? Como funciona? Composici\u00f3n farmac\u00e9utica es la ciencia responsable de la creaci\u00f3n de medicamentos personalizados. Los medicamentos compuestos se crean combinando ingredientes individuales en la fuerza exacta y la forma de dosificaci\u00f3n requerida por el paciente y sus propias necesidades \u00fanicas. Cu\u00e1les son los Beneficios del Compounding? Hay beneficios asociados con la composici\u00f3n, &hellip; <a href=\"http:\/\/www.welcaresupply.com\/spanish\/compounding\">Continue reading <span class=\"meta-nav\">&rarr;<\/span><\/a><\/p>\n","protected":false},"author":1,"featured_media":0,"parent":0,"menu_order":0,"comment_status":"closed","ping_status":"closed","template":"","meta":{"footnotes":""},"class_list":["post-36","page","type-page","status-publish","hentry"],"_links":{"self":[{"href":"http:\/\/www.welcaresupply.com\/spanish\/wp-json\/wp\/v2\/pages\/36","targetHints":{"allow":["GET"]}}],"collection":[{"href":"http:\/\/www.welcaresupply.com\/spanish\/wp-json\/wp\/v2\/pages"}],"about":[{"href":"http:\/\/www.welcaresupply.com\/spanish\/wp-json\/wp\/v2\/types\/page"}],"author":[{"embeddable":true,"href":"http:\/\/www.welcaresupply.com\/spanish\/wp-json\/wp\/v2\/users\/1"}],"replies":[{"embeddable":true,"href":"http:\/\/www.welcaresupply.com\/spanish\/wp-json\/wp\/v2\/comments?post=36"}],"version-history":[{"count":16,"href":"http:\/\/www.welcaresupply.com\/spanish\/wp-json\/wp\/v2\/pages\/36\/revisions"}],"predecessor-version":[{"id":4526,"href":"http:\/\/www.welcaresupply.com\/spanish\/wp-json\/wp\/v2\/pages\/36\/revisions\/4526"}],"wp:attachment":[{"href":"http:\/\/www.welcaresupply.com\/spanish\/wp-json\/wp\/v2\/media?parent=36"}],"curies":[{"name":"wp","href":"https:\/\/api.w.org\/{rel}","templated":true}]}}