{"id":37,"date":"2016-07-29T08:50:24","date_gmt":"2016-07-29T08:50:24","guid":{"rendered":"http:\/\/localhost\/TASKS2016\/welcarepharmacy\/?page_id=37"},"modified":"2017-02-22T11:18:04","modified_gmt":"2017-02-22T11:18:04","slug":"specialty-pharmacy","status":"publish","type":"page","link":"http:\/\/www.welcaresupply.com\/spanish\/specialty-pharmacy","title":{"rendered":"Farmacia Especializada"},"content":{"rendered":"<div class=\"bigbox\">\n<div class=\"sp-box\">\n<h2>Adicci\u00f3n<br \/>\n\t\tAdministraci\u00f3n<\/h2>\n<p>Medicamentos de especialidad se utiliza para tratar la adicci\u00f3n que esencialmente implica la supervisi\u00f3n peri\u00f3dica por un farmac\u00e9utico para promover la terapia del paciente y la adhesi\u00f3n.<\/p>\n<p>\t\t<a href=\"addiction-management\">haga clic aqu\u00ed<\/a>\n\t<\/div>\n<div class=\"sp-box\">\n<h2>Cardiovascular<br \/>\n\t\tEnfermedad<\/h2>\n<p>Welcare Pharmacy &#038; Surgical tiene una lista de calidad de profesionales de la salud que pueden ayudarle a ser diagnosticado con una enfermedad cardiovascular.<\/p>\n<p>\t\t<a href=\"cardiovascular-disease\">haga clic aqu\u00ed<\/a>\n\t<\/div>\n<div class=\"sp-box\">\n<h2>Dermatolog\u00eda<\/h2>\n<p>Welcare Pharmacy &#038; Surgical puede ayudarle a lograr los mejores resultados de la terapia usando medicamentos especiales para enfermedades de la piel junto con la orientaci\u00f3n profesional de nuestros farmac\u00e9uticos.<\/p>\n<p>\t\t<a href=\"dermatology\">haga clic aqu\u00ed<\/a>\n\t<\/div>\n<div class=\"sp-box\">\n<h2>Fertilidad<\/h2>\n<p>Los medicamentos que se usan para tratar problemas de fertilidad requieren una estrecha supervisi\u00f3n de su m\u00e9dico y farmac\u00e9utico para asegurar una administraci\u00f3n correcta.<\/p>\n<p>\t\t<a href=\"fertility\">haga clic aqu\u00ed<\/a>\n\t<\/div>\n<div class=\"sp-box\">\n<h2>Gastroenterolog\u00eda<\/h2>\n<p>Gastroenterolog\u00eda es una rama m\u00e9dica centrada en el sistema digestivo y sus trastornos. Se trata de preocupaciones del tracto gastrointestinal y los \u00f3rganos relacionados o partes de este sistema.<\/p>\n<p>\t\t<a href=\"gastroenterology\">haga clic aqu\u00ed<\/a>\n\t<\/div>\n<div class=\"sp-box\">\n<h2>Hemofilia<\/h2>\n<p>La hemofilia es un trastorno de la sangre que afecta al cuerpo la capacidad de formar co\u00e1gulos de sangre. La hemofilia es mayormente hereditaria ya veces adquirida.<\/p>\n<p>\t\t<a href=\"hemophilia\">haga clic aqu\u00ed<\/a>\n\t<\/div>\n<div class=\"sp-box\">\n<h2>Hepatitis<\/h2>\n<p>La hepatitis es com\u00fanmente conocida como la inflamaci\u00f3n del h\u00edgado. Esta condici\u00f3n puede llegar a ser muy autolimitada y progresiva con el tiempo, conduciendo a fibrosis, cirrosis y c\u00e1ncer de h\u00edgado.<\/p>\n<p>\t\t<a href=\"hepatitis\">haga clic aqu\u00ed<\/a>\n\t<\/div>\n<div class=\"sp-box\">\n<h2>HIV \/ AIDS<\/h2>\n<p>El HIV \/ AIDS tambi\u00e9n conocido como infecci\u00f3n por el Virus de Inmunodeficiencia Humana y el S\u00edndrome de Inmunodeficiencia Adquirida se considera como una escala de condiciones causada por la infecci\u00f3n con el HIV.<\/p>\n<p>\t\t<a href=\"hiv-aids\">haga clic aqu\u00ed<\/a>\n\t<\/div>\n<div class=\"sp-box\">\n<h2>Terapia de infusi\u00f3n<\/h2>\n<p>La terapia de infusi\u00f3n es administrada por m\u00e9dicos con licencia a pacientes que sufren condiciones severas que no pueden ser tratados v\u00eda medicamentos orales.<\/p>\n<p>\t\t<a href=\"infusion-therapy\">haga clic aqu\u00ed<\/a>\n\t<\/div>\n<div class=\"sp-box\">\n<h2>Terapia de IG<\/h2>\n<p>La terapia con IG o Inmunoglobulina es el tratamiento con las mezclas de anticuerpos-inmunoglobulina administradas por v\u00eda intravenosa, subcut\u00e1nea o intramuscular.<\/p>\n<p>\t\t<a href=\"ig-therapy\">haga clic aqu\u00ed<\/a>\n\t<\/div>\n<div class=\"sp-box\">\n<h2>Multiple<br \/>\n\t\tEsclerosis<\/h2>\n<p>La esclerosis m\u00faltiple se diagnostica cuando el sistema inmunol\u00f3gico ataca la vaina de mielina, una cubierta protectora de las fibras nerviosas, causando problemas de comunicaci\u00f3n entre el cerebro y el resto del cuerpo.<\/p>\n<p>\t\t<a href=\"multiple-sclerosis\">haga clic aqu\u00ed<\/a>\n\t<\/div>\n<div class=\"sp-box\">\n<h2>Oncolog\u00eda<\/h2>\n<p>Aqu\u00ed en Welcare Pharmacy &#038; Surgical, los pacientes pueden recurrir a nuestros farmac\u00e9uticos para obtener conocimientos, asistencia y atenci\u00f3n que les ayuden a lidiar con los efectos o s\u00edntomas devastadores del c\u00e1ncer.<\/p>\n<p>\t\t<a href=\"oncology\">haga clic aqu\u00ed<\/a>\n\t<\/div>\n<div class=\"sp-box\">\n<h2>Oftalmolog\u00eda<\/h2>\n<p>Los medicamentos especiales se utilizan para tratar enfermedades de los ojos que esencialmente implican instrucciones especiales y cierto grado de supervisi\u00f3n debido a los m\u00e9todos complejos.<\/p>\n<p>\t\t<a href=\"ophthalmology\">haga clic aqu\u00ed<\/a>\n\t<\/div>\n<div class=\"sp-box\">\n<h2>Organo<br \/>\n\t\tTrasplante<\/h2>\n<p>La urolog\u00eda, tambi\u00e9n conocida como cirug\u00eda genitourinaria, es una rama de la medicina que se centra principalmente en el sistema urinario y el sistema reproductivo masculino (ginecolog\u00eda para el sistema reproductivo femenino).<\/p>\n<p>\t\t<a href=\"organ-transplant\">haga clic aqu\u00ed<\/a>\n\t<\/div>\n<div class=\"sp-box\">\n<h2>Dolor<br \/>\n\t\tadministraci\u00f3n<\/h2>\n<p>El dolor es una experiencia sensorial y emocional desagradable que con el tiempo puede ser una condici\u00f3n debilitante que afecta a todos los aspectos de su vida.<\/p>\n<p>\t\t<a href=\"pain-management\">haga clic aqu\u00ed<\/a>\n\t<\/div>\n<div class=\"sp-box\">\n<h2>Reumatolog\u00eda<\/h2>\n<p>La reumatolog\u00eda es conocida como una de las ramas especializadas en medicina interna que se ocupa del diagn\u00f3stico y tratamiento de enfermedades reum\u00e1ticas.<\/p>\n<p>\t\t<a href=\"rheumatology\">haga clic aqu\u00ed<\/a>\n\t<\/div>\n<div class=\"sp-box\">\n<h2>RSV<\/h2>\n<p>El curso para los medicamentos especializados en RSV puede ser complejo que cubre revisiones peri\u00f3dicas de terapia de medicamentos, consultas intermitentes de farmac\u00e9uticos y recargas de recetas c\u00edclicas.<\/p>\n<p>\t\t<a href=\"rsv\">haga clic aqu\u00ed<\/a>\n\t<\/div>\n<div class=\"sp-box\">\n<h2>Urolog\u00eda<\/h2>\n<p>La urolog\u00eda, tambi\u00e9n conocida como cirug\u00eda genitourinaria, es una rama de la medicina que se centra principalmente en el sistema del tracto urinario.<\/p>\n<p>\t\t<a href=\"urology\">haga clic aqu\u00ed<\/a>\n\t<\/div>\n<\/div>\n","protected":false},"excerpt":{"rendered":"<p>Adicci\u00f3n Administraci\u00f3n Medicamentos de especialidad se utiliza para tratar la adicci\u00f3n que esencialmente implica la supervisi\u00f3n peri\u00f3dica por un farmac\u00e9utico para promover la terapia del paciente y la adhesi\u00f3n. haga clic aqu\u00ed Cardiovascular Enfermedad Welcare Pharmacy &#038; Surgical tiene una lista de calidad de profesionales de la salud que pueden ayudarle a ser diagnosticado con &hellip; <a href=\"http:\/\/www.welcaresupply.com\/spanish\/specialty-pharmacy\">Continue reading <span class=\"meta-nav\">&rarr;<\/span><\/a><\/p>\n","protected":false},"author":1,"featured_media":0,"parent":0,"menu_order":0,"comment_status":"closed","ping_status":"closed","template":"","meta":{"footnotes":""},"class_list":["post-37","page","type-page","status-publish","hentry"],"_links":{"self":[{"href":"http:\/\/www.welcaresupply.com\/spanish\/wp-json\/wp\/v2\/pages\/37","targetHints":{"allow":["GET"]}}],"collection":[{"href":"http:\/\/www.welcaresupply.com\/spanish\/wp-json\/wp\/v2\/pages"}],"about":[{"href":"http:\/\/www.welcaresupply.com\/spanish\/wp-json\/wp\/v2\/types\/page"}],"author":[{"embeddable":true,"href":"http:\/\/www.welcaresupply.com\/spanish\/wp-json\/wp\/v2\/users\/1"}],"replies":[{"embeddable":true,"href":"http:\/\/www.welcaresupply.com\/spanish\/wp-json\/wp\/v2\/comments?post=37"}],"version-history":[{"count":16,"href":"http:\/\/www.welcaresupply.com\/spanish\/wp-json\/wp\/v2\/pages\/37\/revisions"}],"predecessor-version":[{"id":4633,"href":"http:\/\/www.welcaresupply.com\/spanish\/wp-json\/wp\/v2\/pages\/37\/revisions\/4633"}],"wp:attachment":[{"href":"http:\/\/www.welcaresupply.com\/spanish\/wp-json\/wp\/v2\/media?parent=37"}],"curies":[{"name":"wp","href":"https:\/\/api.w.org\/{rel}","templated":true}]}}