{"id":48,"date":"2016-07-29T08:50:19","date_gmt":"2016-07-29T08:50:19","guid":{"rendered":"http:\/\/localhost\/TASKS2016\/welcarepharmacy\/?page_id=48"},"modified":"2017-02-22T10:51:52","modified_gmt":"2017-02-22T10:51:52","slug":"immunizations","status":"publish","type":"page","link":"http:\/\/www.welcaresupply.com\/spanish\/immunizations","title":{"rendered":"Inmunizaciones"},"content":{"rendered":"<p><img decoding=\"async\" src=\"http:\/\/www.welcaresupply.com\/spanish\/wp-content\/themes\/welcarepharmacy\/images\/thumbs\/immu.jpg\" alt=\"a pharmacist man and a customer\" class=\"fright-img\"\/><\/p>\n<h2>Por qu\u00e9 inmunizar?<\/h2>\n<p>Por qu\u00e9 inmunizar a nuestros ni\u00f1os? A veces nos confunden los mensajes en los medios de comunicaci\u00f3n. Primero se nos asegura que, gracias a las vacunas, algunas enfermedades casi han desaparecido de los Estados Unidos. Pero tambi\u00e9n se nos advierte que debemos inmunizar a nuestros ni\u00f1os, a nosotros mismos como adultos, ya los ancianos.<\/p>\n<h2>Las enfermedades se est\u00e1n volviendo raras debido a las vacunas.<\/h2>\n<p>Es cierto que algunas enfermedades (como la poliomielitis y la difteria) se est\u00e1n volviendo muy raras en los Estados Unidos. Por supuesto, se est\u00e1n volviendo raras en gran parte porque hemos estado vacun\u00e1ndonos contra ellas. Pero todav\u00eda es razonable preguntar si realmente vale la pena seguir vacunando.<\/p>\n<p>Es como rescatar un barco con una fuga lenta. Cuando empezamos a rescatar, el barco estaba lleno de agua. Pero hemos estado rescatando r\u00e1pido y duro, y ahora est\u00e1 casi seco. Podr\u00edamos decir: &#8220;Bueno, el barco est\u00e1 seco ahora, para que podamos tirar el cubo y relajarnos&#8221;. Pero la fuga no se ha detenido. Pronto notar\u00edamos un poco de agua entrando, y pronto podr\u00eda estar de vuelta al mismo nivel que cuando comenzamos.<\/p>\n<h2>Mantenga la inmunizaci\u00f3n hasta que se elimine la enfermedad.<\/h2>\n<p>A menos que podamos &#8220;detener la fuga&#8221; (eliminar la enfermedad), es importante mantener la inmunizaci\u00f3n. Incluso si s\u00f3lo hay unos pocos casos de enfermedad hoy en d\u00eda, si nos quitamos la protecci\u00f3n dada por la vacunaci\u00f3n, m\u00e1s y m\u00e1s personas se infectar\u00e1n y propagar\u00e1 la enfermedad a otros. Pronto vamos a deshacer el progreso que hemos hecho a lo largo de los a\u00f1os.<\/p>\n<h2>Jap\u00f3n redujo las vacunas contra la tos ferina y se produjo una epidemia.<\/h2>\n<p>En 1974, Jap\u00f3n ten\u00eda un programa de vacunaci\u00f3n contra la tos ferina con \u00e9xito, con casi el 80% de los ni\u00f1os japoneses vacunados. Ese a\u00f1o s\u00f3lo se notificaron 393 casos de tos ferina en todo el pa\u00eds y no hubo muertes por tos ferina. Pero luego empezaron a difundirse rumores de que la vacuna contra la tos ferina ya no era necesaria y que la vacuna no era segura, y en 1976 s\u00f3lo el 10% de los ni\u00f1os se vacunaban. En 1979 Jap\u00f3n sufri\u00f3 una epidemia de pertussis importante, con m\u00e1s de 13.000 casos de tos ferina y 41 muertes. En 1981, el gobierno comenz\u00f3 a vacunar con la vacuna acelular de pertussis, y el n\u00famero de casos de pertussis volvi\u00f3 a caer.<\/p>\n<h2>Qu\u00e9 pasa si dejamos de vacunar?<\/h2>\n<p>Entonces, <span style=\"color:#007fff;text-decoration:underline;\">\u00bfqu\u00e9 pasar\u00eda si dej\u00e1ramos de vacunarnos<\/span> aqu\u00ed? Las enfermedades que son casi desconocidas marcar\u00edan un regreso. En poco tiempo ver\u00edamos epidemias de enfermedades que est\u00e1n casi bajo control hoy en d\u00eda. M\u00e1s ni\u00f1os se enfermar\u00edan y m\u00e1s morir\u00edan.<\/p>\n<h2>Vacunamos para proteger nuestro futuro.<\/h2>\n<p>No vacunamos solo para proteger a nuestros hijos. Tambi\u00e9n vacunamos para proteger a nuestros nietos y sus nietos. Con una enfermedad, la viruela, &#8220;paramos la fuga&#8221; en el barco erradicando la enfermedad. Nuestros ni\u00f1os no tienen que recibir vacunas contra la viruela porque la enfermedad ya no existe. Si seguimos vacunando ahora, los padres en el futuro podr\u00e1n confiar en que enfermedades como la polio y la meningitis no infectar\u00e1n, paralizar\u00e1n ni matar\u00e1n a los ni\u00f1os. Las vacunas son una de las mejores maneras de poner fin a los graves efectos de ciertas enfermedades.<\/p>\n","protected":false},"excerpt":{"rendered":"<p>Por qu\u00e9 inmunizar? Por qu\u00e9 inmunizar a nuestros ni\u00f1os? A veces nos confunden los mensajes en los medios de comunicaci\u00f3n. Primero se nos asegura que, gracias a las vacunas, algunas enfermedades casi han desaparecido de los Estados Unidos. Pero tambi\u00e9n se nos advierte que debemos inmunizar a nuestros ni\u00f1os, a nosotros mismos como adultos, ya &hellip; <a href=\"http:\/\/www.welcaresupply.com\/spanish\/immunizations\">Continue reading <span class=\"meta-nav\">&rarr;<\/span><\/a><\/p>\n","protected":false},"author":1,"featured_media":0,"parent":0,"menu_order":0,"comment_status":"closed","ping_status":"closed","template":"","meta":{"footnotes":""},"class_list":["post-48","page","type-page","status-publish","hentry"],"_links":{"self":[{"href":"http:\/\/www.welcaresupply.com\/spanish\/wp-json\/wp\/v2\/pages\/48","targetHints":{"allow":["GET"]}}],"collection":[{"href":"http:\/\/www.welcaresupply.com\/spanish\/wp-json\/wp\/v2\/pages"}],"about":[{"href":"http:\/\/www.welcaresupply.com\/spanish\/wp-json\/wp\/v2\/types\/page"}],"author":[{"embeddable":true,"href":"http:\/\/www.welcaresupply.com\/spanish\/wp-json\/wp\/v2\/users\/1"}],"replies":[{"embeddable":true,"href":"http:\/\/www.welcaresupply.com\/spanish\/wp-json\/wp\/v2\/comments?post=48"}],"version-history":[{"count":7,"href":"http:\/\/www.welcaresupply.com\/spanish\/wp-json\/wp\/v2\/pages\/48\/revisions"}],"predecessor-version":[{"id":4594,"href":"http:\/\/www.welcaresupply.com\/spanish\/wp-json\/wp\/v2\/pages\/48\/revisions\/4594"}],"wp:attachment":[{"href":"http:\/\/www.welcaresupply.com\/spanish\/wp-json\/wp\/v2\/media?parent=48"}],"curies":[{"name":"wp","href":"https:\/\/api.w.org\/{rel}","templated":true}]}}