{"id":51,"date":"2016-07-29T08:50:13","date_gmt":"2016-07-29T08:50:13","guid":{"rendered":"http:\/\/localhost\/TASKS2016\/welcarepharmacy\/?page_id=51"},"modified":"2017-02-22T10:42:57","modified_gmt":"2017-02-22T10:42:57","slug":"client-testimonials","status":"publish","type":"page","link":"http:\/\/www.welcaresupply.com\/spanish\/client-testimonials","title":{"rendered":"Testimonios de Clientes"},"content":{"rendered":"<p><strong>Louise Dennise<\/strong><br \/>\nMe encanta el servicio de Welcare Supply. Alquil\u00e9 una silla de ruedas motorizada para mi esposa de ellos y estaba contento porque nos sirvieron muy bien. Tienen tantos modelos diferentes a precios razonables. Gente profesional y honesta!<\/p>\n<hr\/>\n<p><strong>Erica Vinoty<\/strong><br \/>\nSon serviciales y amables. Necesitaba alquilar un scooter motorizado despu\u00e9s de la cirug\u00eda y mi cirujano me recomend\u00f3 Welcare Supply. Tienen un mont\u00f3n de modelos m\u00e1s recientes y que tomar pr\u00e1cticamente todos los programas de seguros. La persona de ventas era extremadamente eficiente. Consegu\u00ed el scooter que era perfecto para m\u00ed para usar durante mi recuperaci\u00f3n.<\/p>\n<hr\/>\n<p><strong>Leroy Haynes<\/strong><br \/>\nAfter her hip surgery I needed to get my mother a wheelchair. She was only going to need it through her recovery. The folks at Welcare were so helpful and completely understood her temporary needs. I am very grateful for the help we received.<\/p>\n<hr\/>\n<p><strong>Kimberly Spain<\/strong><br \/>\nDespu\u00e9s de su cirug\u00eda de cadera, necesitaba que mi madre fuera una silla de ruedas. Ella s\u00f3lo iba a necesitarlo a trav\u00e9s de su recuperaci\u00f3n. La gente en Welcare eran tan servicial y completamente entendido sus necesidades temporales. Estoy muy agradecido por la ayuda que recibimos.<\/p>\n<hr\/>\n<p><strong>Tracy Hudson<\/strong><br \/>\nSince I found Welcare Pharmacy I no longer have to rely on shipping for my ostomy supplies. They have what I need in stock so I do not have to worry whether they will arrive on time. I also use them as my go to when I need necessities without having to deal with the supermarket. I am very happy that I found them in my neighborhood.<\/p>\n<hr\/>\n<p><strong>Christopher Simons<\/strong><br \/>\nDesde que encontr\u00e9 la farmacia de Welcare ya no tengo que depender del env\u00edo de mis suministros de ostom\u00eda. Tienen lo que necesito en stock as\u00ed que no tengo que preocuparse si llegar\u00e1n a tiempo. Tambi\u00e9n los uso como mi ir a cuando necesito necesidades sin tener que tratar con el supermercado. Estoy muy contento de haberlos encontrado en mi barrio.<\/p>\n<hr\/>\n<p><strong>Frans Benedict<\/strong><br \/>\nNos pusimos en contacto con la compa\u00f1\u00eda de scooter y nos dirigieron a Welcare Supply en Brooklyn cuando quer\u00edamos alquilar una scooter para mi padre para que pudiera ser m\u00e1s independiente y llegar a la tienda f\u00e1cilmente. La gente all\u00ed fue muy servicial a la hora de elegir el scooter correcto. Ahora mi pap\u00e1 puede llegar a donde quiera que necesite ir, que no pod\u00eda llegar antes. Muy recomendable. Gracias al equipo de Welcare Supply.<\/p>\n<hr\/>\n<p><strong>Alfred Vance<\/strong><br \/>\nWelCare Pharmacy es la \u00fanica fuente quir\u00fargica en Brooklyn que lleva todo lo que necesito para mis pacientes. Pueden llenar sus recetas, as\u00ed como comprar cualquier otra cosa que necesitan para la reparaci\u00f3n o apoyo. He tenido paciente ir all\u00ed para alquilar una silla de ruedas motorizada durante su per\u00edodo de recuperaci\u00f3n y me informaron que el personal era extremadamente servicial. Mientras oiga informes como ese, seguir\u00e9 refiri\u00e9ndome a los pacientes.<\/p>\n<hr\/>\n<p><strong>Daniel Turner<\/strong><br \/>\nAlquilo mi silla el\u00e9ctrica de la farmacia WelCare. Ten\u00edan la mejor selecci\u00f3n a un precio estupendo y la persona que me ayud\u00f3 realmente sab\u00eda de lo que estaban hablando. Estoy muy satisfecho con el servicio y recomiendo encarecidamente este servicio.<\/p>\n<hr\/>\n<p><strong>Annette Anderson<\/strong><br \/>\nQuer\u00edamos alquilar un scooter para mi padre para que pudiera ser m\u00e1s independiente y llegar a la tienda con facilidad. Nos pusimos en contacto con la compa\u00f1\u00eda de scooter y nos dirigieron a Welcare Supply en Brooklyn. La gente all\u00ed fue muy servicial a la hora de elegir el scooter correcto. Ahora mi pap\u00e1 puede ir a donde quiera que \u00e9l necesita para ir a que no pod\u00eda llegar antes, gracias al equipo de Welcare Supply. Muy recomendable.<\/p>\n<hr\/>\n<p><strong>Danny Gray<\/strong><br \/>\nSiempre disfruto negociando Welcare Supply! No s\u00f3lo tienen una l\u00ednea de productos completa que toman el tiempo y esfuerzo para ayudar a sus clientes a encontrar y utilizar los productos m\u00e9dicos para obtener resultados m\u00e1ximos. Eso s\u00f3lo muestra que realmente se preocupan! Sigo volviendo a ellos para cualquier necesidad de salud que pueda tener. Mi hermano que es un m\u00e9dico \u00e9l mismo recomienda este lugar.<\/p>\n<hr\/>\n<p><strong>Dean Maurice<\/strong><br \/>\nSi necesito suministros m\u00e9dicos de primeros auxilios o medicamentos siempre voy a la farmacia WelCare. Siempre tienen los art\u00edculos de suministros m\u00e9dicos que necesito, as\u00ed que nunca tengo que ir a ning\u00fan otro sitio.<\/p>\n<hr\/>\n<p><strong>Luke Yohan<\/strong><br \/>\n<span class=\"comp\">Welcare Drug Store<\/span> es un gran recurso para mi pr\u00e1ctica m\u00e9dica. Encontrar todos los equipos y dispositivos especiales para mi pr\u00e1ctica de rehabilitaci\u00f3n de med puede ser un reto &#8211; por lo que siempre llamar a esta empresa en primer lugar. D\u00e9le a esta empresa una oportunidad, usted est\u00e1 garantizado para estar satisfecho!<\/p>\n<hr\/>\n<p><strong>Theodore Turgeon<\/strong><br \/>\nNo podr\u00eda estar m\u00e1s feliz con el servicio que recib\u00ed tan lejos de la <span class=\"comp\">Welcare Drug Store<\/span> situada en Brooklyn, NY. Esa es la farmacia m\u00e1s amable que he estado. Su actitud y su voluntad de ayudar es impresionante. Su conocimiento de la l\u00ednea de productos es impresionante. S\u00f3lo quer\u00eda que <span class=\"comp\">Welcare Drug Store<\/span> sepa que mi experiencia en la compra de una silla de ruedas con su ayuda profesional fue muy satisfactoria. La informaci\u00f3n en su sitio web fue precisa y m\u00e1s \u00fatil. El precio era inmejorable. Y, el plazo de entrega &#8211; el mi\u00e9rcoles, 6 de marzo &#8211; fue como se prometi\u00f3. S\u00f3lo quer\u00eda decir muchas gracias por toda su ayuda durante el proceso de adquirir una silla de ruedas.<\/p>\n<hr\/>\n<p><strong>Tracy Hartline<\/strong><br \/>\nWelcare Supply se fue m\u00e1s all\u00e1! La satisfacci\u00f3n del cliente es su principal preocupaci\u00f3n y realmente se mostr\u00f3. La manera en c\u00f3mo conducen su negocio es excepcional. Tales gestos nunca pasan desapercibidos! \u00a1Lo sugerir\u00eda absolutamente altamente!<\/p>\n<hr\/>\n<p><strong>Steve Jordan<\/strong><br \/>\nWelcare Supply es un gran recurso para mi pr\u00e1ctica m\u00e9dica. Encontrar todos los equipos y dispositivos especiales para mi pr\u00e1ctica de rehabilitaci\u00f3n de med puede ser un reto &#8211; por lo que siempre llamar a esta empresa en primer lugar. D\u00e9le a esta empresa una oportunidad, usted est\u00e1 garantizado para estar satisfecho!<\/p>\n<hr\/>\n<p><strong>A Google User<\/strong><br \/>\nHe tenido varias buenas experiencias con la gente de Welcare Supply. Siempre son extremadamente servicial y muy bien informado en todas sus l\u00edneas de productos.<\/p>\n<p>He comprado un vaporizador, vendajes Ace, una almohadilla de calefacci\u00f3n y varios otros art\u00edculos y siempre obtuvo el mejor consejo de compra.<\/p>\n<p>He recomendado este lugar a muchos otros<\/p>\n","protected":false},"excerpt":{"rendered":"<p>Louise Dennise Me encanta el servicio de Welcare Supply. Alquil\u00e9 una silla de ruedas motorizada para mi esposa de ellos y estaba contento porque nos sirvieron muy bien. Tienen tantos modelos diferentes a precios razonables. Gente profesional y honesta! Erica Vinoty Son serviciales y amables. Necesitaba alquilar un scooter motorizado despu\u00e9s de la cirug\u00eda y &hellip; <a href=\"http:\/\/www.welcaresupply.com\/spanish\/client-testimonials\">Continue reading <span class=\"meta-nav\">&rarr;<\/span><\/a><\/p>\n","protected":false},"author":1,"featured_media":0,"parent":0,"menu_order":0,"comment_status":"closed","ping_status":"closed","template":"","meta":{"footnotes":""},"class_list":["post-51","page","type-page","status-publish","hentry"],"_links":{"self":[{"href":"http:\/\/www.welcaresupply.com\/spanish\/wp-json\/wp\/v2\/pages\/51","targetHints":{"allow":["GET"]}}],"collection":[{"href":"http:\/\/www.welcaresupply.com\/spanish\/wp-json\/wp\/v2\/pages"}],"about":[{"href":"http:\/\/www.welcaresupply.com\/spanish\/wp-json\/wp\/v2\/types\/page"}],"author":[{"embeddable":true,"href":"http:\/\/www.welcaresupply.com\/spanish\/wp-json\/wp\/v2\/users\/1"}],"replies":[{"embeddable":true,"href":"http:\/\/www.welcaresupply.com\/spanish\/wp-json\/wp\/v2\/comments?post=51"}],"version-history":[{"count":6,"href":"http:\/\/www.welcaresupply.com\/spanish\/wp-json\/wp\/v2\/pages\/51\/revisions"}],"predecessor-version":[{"id":4586,"href":"http:\/\/www.welcaresupply.com\/spanish\/wp-json\/wp\/v2\/pages\/51\/revisions\/4586"}],"wp:attachment":[{"href":"http:\/\/www.welcaresupply.com\/spanish\/wp-json\/wp\/v2\/media?parent=51"}],"curies":[{"name":"wp","href":"https:\/\/api.w.org\/{rel}","templated":true}]}}