{"id":607,"date":"2016-08-15T02:52:29","date_gmt":"2016-08-15T02:52:29","guid":{"rendered":"http:\/\/web2.proweaverlinks.com\/tech\/welcarepharmacy\/?page_id=607"},"modified":"2017-02-22T10:36:26","modified_gmt":"2017-02-22T10:36:26","slug":"addiction-management","status":"publish","type":"page","link":"http:\/\/www.welcaresupply.com\/spanish\/addiction-management","title":{"rendered":"Gesti\u00f3n de adicciones"},"content":{"rendered":"<p>El abuso de sustancias y la adicci\u00f3n a las drogas son condiciones progresivas, duraderas y recurrentes que afectan gravemente los aspectos f\u00edsicos, mentales y emocionales de una persona. Causan varios s\u00edntomas debilitantes y desagradables debido a sus cambios compulsivos e incontrolables en el cerebro y el comportamiento. Sin embargo, la adicci\u00f3n es una opci\u00f3n; As\u00ed que nunca es imposible girar una hoja nueva.<\/p>\n<p>Medicamentos de especialidad se utiliza para tratar la adicci\u00f3n que esencialmente implica la supervisi\u00f3n peri\u00f3dica por un farmac\u00e9utico para promover la terapia del paciente y la adhesi\u00f3n. El curso de la terapia para los medicamentos de especialidad de la adicci\u00f3n puede complicarse con el tiempo, ya que la gesti\u00f3n de la terapia de medicaci\u00f3n se compone de consultas intermitentes de farmac\u00e9utico, revisiones continuas del nivel de dosificaci\u00f3n y coordinaci\u00f3n entre el farmac\u00e9utico y el m\u00e9dico. Junto con esto, los suministros m\u00e9dicos y medicamentos pertenecientes a la categor\u00eda de especialidad precio relativamente m\u00e1s alto.<\/p>\n<p>Afortunadamente, los pacientes pueden contar con <span class=\"comp\">Welcare Pharmacy &#038; Surgical<\/span> para ponerse directamente en contacto con los proveedores de seguros para obtener autorizaciones previas e incluso recomendar al paciente a organizaciones sin fines de lucro para obtener asistencia financiera. Adem\u00e1s, <span class=\"comp\">Welcare Pharmacy &#038; Surgical<\/span> le puede guiar en cuanto a la forma en que los medicamentos deben almacenarse, organizarse y rellenar f\u00e1cilmente sus medicamentos recetados para ayudarle a manejar los efectos devastadores de tales condiciones. Definitivamente, <span class=\"comp\">Welcare Pharmacy &#038; Surgical<\/span> puede proporcionar a los pacientes y profesionales de la salud el acceso a las necesidades m\u00e9dicas y suministros con servicios personalizados y profesionales para pacientes con abuso de sustancias y casos de adicci\u00f3n y todos los dem\u00e1s clientes. Para obtener m\u00e1s informaci\u00f3n, puede comunicarse con nosotros al n\u00famero <strong>888-354-7077<\/strong>.<\/p>\n","protected":false},"excerpt":{"rendered":"<p>El abuso de sustancias y la adicci\u00f3n a las drogas son condiciones progresivas, duraderas y recurrentes que afectan gravemente los aspectos f\u00edsicos, mentales y emocionales de una persona. Causan varios s\u00edntomas debilitantes y desagradables debido a sus cambios compulsivos e incontrolables en el cerebro y el comportamiento. Sin embargo, la adicci\u00f3n es una opci\u00f3n; As\u00ed &hellip; <a href=\"http:\/\/www.welcaresupply.com\/spanish\/addiction-management\">Continue reading <span class=\"meta-nav\">&rarr;<\/span><\/a><\/p>\n","protected":false},"author":1,"featured_media":0,"parent":0,"menu_order":0,"comment_status":"closed","ping_status":"closed","template":"","meta":{"footnotes":""},"class_list":["post-607","page","type-page","status-publish","hentry"],"_links":{"self":[{"href":"http:\/\/www.welcaresupply.com\/spanish\/wp-json\/wp\/v2\/pages\/607","targetHints":{"allow":["GET"]}}],"collection":[{"href":"http:\/\/www.welcaresupply.com\/spanish\/wp-json\/wp\/v2\/pages"}],"about":[{"href":"http:\/\/www.welcaresupply.com\/spanish\/wp-json\/wp\/v2\/types\/page"}],"author":[{"embeddable":true,"href":"http:\/\/www.welcaresupply.com\/spanish\/wp-json\/wp\/v2\/users\/1"}],"replies":[{"embeddable":true,"href":"http:\/\/www.welcaresupply.com\/spanish\/wp-json\/wp\/v2\/comments?post=607"}],"version-history":[{"count":4,"href":"http:\/\/www.welcaresupply.com\/spanish\/wp-json\/wp\/v2\/pages\/607\/revisions"}],"predecessor-version":[{"id":4576,"href":"http:\/\/www.welcaresupply.com\/spanish\/wp-json\/wp\/v2\/pages\/607\/revisions\/4576"}],"wp:attachment":[{"href":"http:\/\/www.welcaresupply.com\/spanish\/wp-json\/wp\/v2\/media?parent=607"}],"curies":[{"name":"wp","href":"https:\/\/api.w.org\/{rel}","templated":true}]}}