{"id":609,"date":"2016-08-15T02:52:27","date_gmt":"2016-08-15T02:52:27","guid":{"rendered":"http:\/\/web2.proweaverlinks.com\/tech\/welcarepharmacy\/?page_id=609"},"modified":"2017-02-22T10:41:23","modified_gmt":"2017-02-22T10:41:23","slug":"cardiovascular-disease","status":"publish","type":"page","link":"http:\/\/www.welcaresupply.com\/spanish\/cardiovascular-disease","title":{"rendered":"Enfermedad cardiovascular"},"content":{"rendered":"<p>Las enfermedades cardiovasculares son trastornos del coraz\u00f3n y los vasos sangu\u00edneos que suelen ocurrir debido a la acumulaci\u00f3n de dep\u00f3sitos de grasa en las paredes internas de los vasos sangu\u00edneos que normalmente proporciona ox\u00edgeno y sangre al coraz\u00f3n y el cerebro. Eventualmente, estas sustancias aceitosas se convierten en bloqueos que impiden el flujo sangu\u00edneo que tambi\u00e9n crean diferentes repercusiones negativas a otras partes del cuerpo.<\/p>\n<p>Las enfermedades cardiovasculares, sin embargo, son remediables. Esto significa que con los medicamentos de calidad y la supervisi\u00f3n profesional y la orientaci\u00f3n de un farmac\u00e9utico le ayudar\u00e1 a garantizar una administraci\u00f3n adecuada y lograr una salud \u00f3ptima. Adem\u00e1s, m\u00e1s y m\u00e1s personas est\u00e1n eligiendo farmacias especializadas, como <span class=\"comp\">Welcare Pharmacy &#038; Surgical<\/span>, debido a los beneficios m\u00e1s eficientes que proporcionan informaci\u00f3n valiosa y especializada y orientaci\u00f3n para ayudarle a hacer frente a los s\u00edntomas de estas enfermedades.<\/p>\n<p><span class=\"comp\">Welcare Pharmacy &#038; Surgical<\/span> tiene una lista de calidad de profesionales de la salud que pueden ayudarle a ser diagnosticado con una enfermedad cardiovascular. Para una visi\u00f3n general, podemos ayudarle con los horarios de ingesta, el modo m\u00e1s eficiente de administraci\u00f3n de medicamentos, porque nuestra gesti\u00f3n de la terapia de medicaci\u00f3n (MTM) abarca las consultas intermitentes farmac\u00e9utico, la coordinaci\u00f3n entre farmac\u00e9utico y m\u00e9dico y revisiones peri\u00f3dicas terapia de la medicaci\u00f3n.<\/p>\n<p>Hoy en d\u00eda, los suministros de atenci\u00f3n m\u00e9dica y medicamentos para tratar las enfermedades cardiovasculares cuestan m\u00e1s que los productos farmac\u00e9uticos disponibles en el mercado. <span class=\"comp\">Welcare Pharmacy &#038; Surgical<\/span> es la respuesta a este dilema m\u00e9dico con respecto a las enfermedades cardiovasculares. Podemos garantizar la obtenci\u00f3n de las autorizaciones previas necesarias de los proveedores de seguros y ayudar en el acceso a la comunidad de apoyo para reducir los costos.<\/p>\n<p>Para obtener m\u00e1s informaci\u00f3n acerca de los servicios de <span class=\"comp\">Welcare Pharmacy &#038; Surgical<\/span> y si desea recibir asistencia con el cumplimiento de la terapia de medicamentos, comun\u00edquese con nosotros al n\u00famero <strong>888-354-7077<\/strong> y tenga la tranquilidad de obtener nuestros servicios valiosos. hoy!<\/p>\n","protected":false},"excerpt":{"rendered":"<p>Las enfermedades cardiovasculares son trastornos del coraz\u00f3n y los vasos sangu\u00edneos que suelen ocurrir debido a la acumulaci\u00f3n de dep\u00f3sitos de grasa en las paredes internas de los vasos sangu\u00edneos que normalmente proporciona ox\u00edgeno y sangre al coraz\u00f3n y el cerebro. Eventualmente, estas sustancias aceitosas se convierten en bloqueos que impiden el flujo sangu\u00edneo que &hellip; <a href=\"http:\/\/www.welcaresupply.com\/spanish\/cardiovascular-disease\">Continue reading <span class=\"meta-nav\">&rarr;<\/span><\/a><\/p>\n","protected":false},"author":1,"featured_media":0,"parent":0,"menu_order":0,"comment_status":"closed","ping_status":"closed","template":"","meta":{"footnotes":""},"class_list":["post-609","page","type-page","status-publish","hentry"],"_links":{"self":[{"href":"http:\/\/www.welcaresupply.com\/spanish\/wp-json\/wp\/v2\/pages\/609","targetHints":{"allow":["GET"]}}],"collection":[{"href":"http:\/\/www.welcaresupply.com\/spanish\/wp-json\/wp\/v2\/pages"}],"about":[{"href":"http:\/\/www.welcaresupply.com\/spanish\/wp-json\/wp\/v2\/types\/page"}],"author":[{"embeddable":true,"href":"http:\/\/www.welcaresupply.com\/spanish\/wp-json\/wp\/v2\/users\/1"}],"replies":[{"embeddable":true,"href":"http:\/\/www.welcaresupply.com\/spanish\/wp-json\/wp\/v2\/comments?post=609"}],"version-history":[{"count":5,"href":"http:\/\/www.welcaresupply.com\/spanish\/wp-json\/wp\/v2\/pages\/609\/revisions"}],"predecessor-version":[{"id":4584,"href":"http:\/\/www.welcaresupply.com\/spanish\/wp-json\/wp\/v2\/pages\/609\/revisions\/4584"}],"wp:attachment":[{"href":"http:\/\/www.welcaresupply.com\/spanish\/wp-json\/wp\/v2\/media?parent=609"}],"curies":[{"name":"wp","href":"https:\/\/api.w.org\/{rel}","templated":true}]}}