{"id":610,"date":"2016-08-15T02:52:31","date_gmt":"2016-08-15T02:52:31","guid":{"rendered":"http:\/\/web2.proweaverlinks.com\/tech\/welcarepharmacy\/?page_id=610"},"modified":"2017-02-22T11:03:06","modified_gmt":"2017-02-22T11:03:06","slug":"dermatology","status":"publish","type":"page","link":"http:\/\/www.welcaresupply.com\/spanish\/dermatology","title":{"rendered":"Dermatolog\u00eda"},"content":{"rendered":"<p>La dermatolog\u00eda es el centro del siglo XXI de inter\u00e9s para las personas que tienen problemas de piel, u\u00f1as y cabello. Esta rama de la ciencia ofrece la amplia gama de servicios en t\u00e9rminos de los procesos convencionales a complejos de los tratamientos y sus caracter\u00edsticas necesarias. Se trata de una especialidad que incorpora aspectos m\u00e9dicos y quir\u00fargicos.<\/p>\n<p>Las enfermedades de la piel y las imperfecciones son problemas corregibles que abarcan la administraci\u00f3n de la terapia de medicamentos. Esta terapia incluye revisiones de medicamentos, suministros m\u00e9dicos y consultas intermitentes de farmac\u00e9utico. Lo que es m\u00e1s es que los medicamentos enredados son caros. Sin embargo, todo lo que necesita es una farmacia especializada de calidad para proporcionar todo esto.<\/p>\n<p><span class=\"comp\">Welcare Pharmacy &#038; Surgical<\/span> puede ayudarle a lograr los mejores resultados de la terapia usando medicamentos especiales para enfermedades de la piel junto con la orientaci\u00f3n profesional de nuestros farmac\u00e9uticos. Usted puede recurrir a nuestros profesionales de la salud para asesoramiento y asistencia para ayudar a aliviar la lucha con los s\u00edntomas de la enfermedad.<\/p>\n<p>Los farmac\u00e9uticos de Welcare Pharmacy &#038; Surgical saben acerca de lo que los pacientes tienen que pasar por el diagn\u00f3stico de una enfermedad de la piel. Siempre estaremos disponibles para brindar asistencia mediante la coordinaci\u00f3n con las compa\u00f1\u00edas de seguros para autorizaciones previas o con organizaciones sin fines de lucro para apelar por asistencia financiera. Para obtener m\u00e1s informaci\u00f3n sobre los servicios de Farmacia y Cirug\u00eda de Welcare y si desea solicitar ayuda con las Revisiones de Interacci\u00f3n con Medicamentos, no dude en comunicarse con nosotros en este n\u00famero: <strong> 888-354-7077 <\/strong> y contar con la asistencia integral Del equipo hoy!<\/p>\n","protected":false},"excerpt":{"rendered":"<p>La dermatolog\u00eda es el centro del siglo XXI de inter\u00e9s para las personas que tienen problemas de piel, u\u00f1as y cabello. Esta rama de la ciencia ofrece la amplia gama de servicios en t\u00e9rminos de los procesos convencionales a complejos de los tratamientos y sus caracter\u00edsticas necesarias. Se trata de una especialidad que incorpora aspectos &hellip; <a href=\"http:\/\/www.welcaresupply.com\/spanish\/dermatology\">Continue reading <span class=\"meta-nav\">&rarr;<\/span><\/a><\/p>\n","protected":false},"author":1,"featured_media":0,"parent":0,"menu_order":0,"comment_status":"closed","ping_status":"closed","template":"","meta":{"footnotes":""},"class_list":["post-610","page","type-page","status-publish","hentry"],"_links":{"self":[{"href":"http:\/\/www.welcaresupply.com\/spanish\/wp-json\/wp\/v2\/pages\/610","targetHints":{"allow":["GET"]}}],"collection":[{"href":"http:\/\/www.welcaresupply.com\/spanish\/wp-json\/wp\/v2\/pages"}],"about":[{"href":"http:\/\/www.welcaresupply.com\/spanish\/wp-json\/wp\/v2\/types\/page"}],"author":[{"embeddable":true,"href":"http:\/\/www.welcaresupply.com\/spanish\/wp-json\/wp\/v2\/users\/1"}],"replies":[{"embeddable":true,"href":"http:\/\/www.welcaresupply.com\/spanish\/wp-json\/wp\/v2\/comments?post=610"}],"version-history":[{"count":4,"href":"http:\/\/www.welcaresupply.com\/spanish\/wp-json\/wp\/v2\/pages\/610\/revisions"}],"predecessor-version":[{"id":4610,"href":"http:\/\/www.welcaresupply.com\/spanish\/wp-json\/wp\/v2\/pages\/610\/revisions\/4610"}],"wp:attachment":[{"href":"http:\/\/www.welcaresupply.com\/spanish\/wp-json\/wp\/v2\/media?parent=610"}],"curies":[{"name":"wp","href":"https:\/\/api.w.org\/{rel}","templated":true}]}}