{"id":611,"date":"2016-08-15T02:52:36","date_gmt":"2016-08-15T02:52:36","guid":{"rendered":"http:\/\/web2.proweaverlinks.com\/tech\/welcarepharmacy\/?page_id=611"},"modified":"2017-02-22T11:05:28","modified_gmt":"2017-02-22T11:05:28","slug":"fertility","status":"publish","type":"page","link":"http:\/\/www.welcaresupply.com\/spanish\/fertility","title":{"rendered":"Fertilidad"},"content":{"rendered":"<p>La fertilidad es la capacidad natural de producir descendencia. Sin embargo, debido a factores como preocupaciones biol\u00f3gicas y alimentadas diariamente, algunas personas tienen que pasar por los retos diarios de tener problemas de fertilidad. Si usted no ha concebido por un a\u00f1o de intentar tener un ni\u00f1o, no implica necesariamente que usted nunca conseguir\u00e1 embarazado; Esto es porque usted est\u00e1 experimentando problemas de fertilidad.<\/p>\n<p>Usted tiene que someterse a la fertilidad, a continuaci\u00f3n, las pruebas de fertilidad. Si ya ha identificado los tratamientos adecuados para usted en la aprobaci\u00f3n de su m\u00e9dico, que ser\u00eda muy necesario una farmacia especializada que puede ser su fuente de recursos \u00fatiles que promueven los resultados \u00f3ptimos terapia de la medicaci\u00f3n. Los medicamentos que se usan para tratar problemas de fertilidad requieren una estrecha supervisi\u00f3n de su m\u00e9dico y farmac\u00e9utico para asegurar una administraci\u00f3n correcta. Dado el multi-facetas MTM peri\u00f3dico terapias revisi\u00f3n, continua revisi\u00f3n de nivel de dosis, y la coordinaci\u00f3n entre el farmac\u00e9utico y el m\u00e9dico, la mayor\u00eda de los reg\u00edmenes de medicamentos son complicados y costosos.<\/p>\n<p>Welcare Pharmacy &#038; Surgical puede ayudarle a obtener la autorizaci\u00f3n previa requerida de proveedores de seguros y\/o fuentes de pago y tambi\u00e9n le recomendar\u00e1 a organizaciones sin fines de lucro o al fabricante para ayuda financiera. Obtenga su ayuda de fertilidad de calidad de Welcare Pharmacy &#038; Surgical hoy y garantizamos nada m\u00e1s que servicios profesionales y asistencia de nuestro equipo altamente competente y altamente calificado.<\/p>\n<p>Para obtener m\u00e1s informaci\u00f3n sobre los servicios de Pharmacy &#038; Surgical de Welcare y si desea pedir ayuda con la adherencia a la medicaci\u00f3n, no dude en comunicarse con nosotros en este n\u00famero: <strong> 888-354-7077 <\/strong> y contar con la asistencia integral del Equipo hoy!<\/p>\n","protected":false},"excerpt":{"rendered":"<p>La fertilidad es la capacidad natural de producir descendencia. Sin embargo, debido a factores como preocupaciones biol\u00f3gicas y alimentadas diariamente, algunas personas tienen que pasar por los retos diarios de tener problemas de fertilidad. Si usted no ha concebido por un a\u00f1o de intentar tener un ni\u00f1o, no implica necesariamente que usted nunca conseguir\u00e1 embarazado; &hellip; <a href=\"http:\/\/www.welcaresupply.com\/spanish\/fertility\">Continue reading <span class=\"meta-nav\">&rarr;<\/span><\/a><\/p>\n","protected":false},"author":1,"featured_media":0,"parent":0,"menu_order":0,"comment_status":"closed","ping_status":"closed","template":"","meta":{"footnotes":""},"class_list":["post-611","page","type-page","status-publish","hentry"],"_links":{"self":[{"href":"http:\/\/www.welcaresupply.com\/spanish\/wp-json\/wp\/v2\/pages\/611","targetHints":{"allow":["GET"]}}],"collection":[{"href":"http:\/\/www.welcaresupply.com\/spanish\/wp-json\/wp\/v2\/pages"}],"about":[{"href":"http:\/\/www.welcaresupply.com\/spanish\/wp-json\/wp\/v2\/types\/page"}],"author":[{"embeddable":true,"href":"http:\/\/www.welcaresupply.com\/spanish\/wp-json\/wp\/v2\/users\/1"}],"replies":[{"embeddable":true,"href":"http:\/\/www.welcaresupply.com\/spanish\/wp-json\/wp\/v2\/comments?post=611"}],"version-history":[{"count":4,"href":"http:\/\/www.welcaresupply.com\/spanish\/wp-json\/wp\/v2\/pages\/611\/revisions"}],"predecessor-version":[{"id":4613,"href":"http:\/\/www.welcaresupply.com\/spanish\/wp-json\/wp\/v2\/pages\/611\/revisions\/4613"}],"wp:attachment":[{"href":"http:\/\/www.welcaresupply.com\/spanish\/wp-json\/wp\/v2\/media?parent=611"}],"curies":[{"name":"wp","href":"https:\/\/api.w.org\/{rel}","templated":true}]}}