{"id":612,"date":"2016-08-15T02:52:38","date_gmt":"2016-08-15T02:52:38","guid":{"rendered":"http:\/\/web2.proweaverlinks.com\/tech\/welcarepharmacy\/?page_id=612"},"modified":"2017-02-22T11:06:24","modified_gmt":"2017-02-22T11:06:24","slug":"gastroenterology","status":"publish","type":"page","link":"http:\/\/www.welcaresupply.com\/spanish\/gastroenterology","title":{"rendered":"Gastroenterolog\u00eda"},"content":{"rendered":"<p>Gastroenterolog\u00eda es una rama m\u00e9dica centrada en el sistema digestivo y sus trastornos. Se trata de preocupaciones del tracto gastrointestinal y los \u00f3rganos relacionados o partes de este sistema-acidez, indigesti\u00f3n\/dispepsia, hinchaz\u00f3n, estre\u00f1imiento e incluso c\u00e1ncer gastrointestinal. Cuando se diagnostique con estas condiciones, requerir\u00eda que la persona est\u00e9 bajo estrecha supervisi\u00f3n o monitoreo del m\u00e9dico y farmac\u00e9utico para asegurar el progreso, la detecci\u00f3n de efectos secundarios, proporcionar intervenciones inmediatas cuando sea necesario.<\/p>\n<p>Welcare Pharmacy &#038; Surgical entender sus sentimientos m\u00e9dicos y la situaci\u00f3n. No te preocupes m\u00e1s por; Welcare Pharmacy &#038; Surgical se compromete a brindar a nuestros pacientes apoyo completo ofreciendo instrucciones de dispensaci\u00f3n y administraci\u00f3n de medicamentos recetados para reducir los efectos adversos de la enfermedad. El r\u00e9gimen de terapia de medicaci\u00f3n para el c\u00e1ncer gastrointestinal o de cualquier trastorno del sistema digestivo puede ser dif\u00edcil para los pacientes a seguir, ya que la terapia multifac\u00e9tica implica intermitente consultas farmac\u00e9uticas, la coordinaci\u00f3n entre farmac\u00e9utico y m\u00e9dico y revisiones peri\u00f3dicas terapia de la medicaci\u00f3n. Adem\u00e1s, los medicamentos y los suministros m\u00e9dicos para tratarlos son m\u00e1s caros en comparaci\u00f3n con la mayor\u00eda de los medicamentos comerciales.<\/p>\n<p>Afortunadamente, Welcare Pharmacy &#038; Surgical tiene farmacias con conocimientos y licencia para ayudar a coordinar con las compa\u00f1\u00edas de seguros para autorizaciones previas, as\u00ed como apoyar al paciente para el apoyo financiero con el fabricante. Para obtener m\u00e1s informaci\u00f3n sobre los servicios de Farmacia y Cirug\u00eda de Welcare y si desea solicitar ayuda con la Coordinaci\u00f3n del Plan de Beneficios de la P\u00f3liza de Seguro, no dude en comunicarse con nosotros en este n\u00famero: <strong>888-354-7077<\/strong> Completa y conveniente ayuda del equipo de hoy!<\/p>\n","protected":false},"excerpt":{"rendered":"<p>Gastroenterolog\u00eda es una rama m\u00e9dica centrada en el sistema digestivo y sus trastornos. Se trata de preocupaciones del tracto gastrointestinal y los \u00f3rganos relacionados o partes de este sistema-acidez, indigesti\u00f3n\/dispepsia, hinchaz\u00f3n, estre\u00f1imiento e incluso c\u00e1ncer gastrointestinal. Cuando se diagnostique con estas condiciones, requerir\u00eda que la persona est\u00e9 bajo estrecha supervisi\u00f3n o monitoreo del m\u00e9dico y &hellip; <a href=\"http:\/\/www.welcaresupply.com\/spanish\/gastroenterology\">Continue reading <span class=\"meta-nav\">&rarr;<\/span><\/a><\/p>\n","protected":false},"author":1,"featured_media":0,"parent":0,"menu_order":0,"comment_status":"closed","ping_status":"closed","template":"","meta":{"footnotes":""},"class_list":["post-612","page","type-page","status-publish","hentry"],"_links":{"self":[{"href":"http:\/\/www.welcaresupply.com\/spanish\/wp-json\/wp\/v2\/pages\/612","targetHints":{"allow":["GET"]}}],"collection":[{"href":"http:\/\/www.welcaresupply.com\/spanish\/wp-json\/wp\/v2\/pages"}],"about":[{"href":"http:\/\/www.welcaresupply.com\/spanish\/wp-json\/wp\/v2\/types\/page"}],"author":[{"embeddable":true,"href":"http:\/\/www.welcaresupply.com\/spanish\/wp-json\/wp\/v2\/users\/1"}],"replies":[{"embeddable":true,"href":"http:\/\/www.welcaresupply.com\/spanish\/wp-json\/wp\/v2\/comments?post=612"}],"version-history":[{"count":5,"href":"http:\/\/www.welcaresupply.com\/spanish\/wp-json\/wp\/v2\/pages\/612\/revisions"}],"predecessor-version":[{"id":4614,"href":"http:\/\/www.welcaresupply.com\/spanish\/wp-json\/wp\/v2\/pages\/612\/revisions\/4614"}],"wp:attachment":[{"href":"http:\/\/www.welcaresupply.com\/spanish\/wp-json\/wp\/v2\/media?parent=612"}],"curies":[{"name":"wp","href":"https:\/\/api.w.org\/{rel}","templated":true}]}}