{"id":613,"date":"2016-08-15T02:52:41","date_gmt":"2016-08-15T02:52:41","guid":{"rendered":"http:\/\/web2.proweaverlinks.com\/tech\/welcarepharmacy\/?page_id=613"},"modified":"2017-02-22T10:50:17","modified_gmt":"2017-02-22T10:50:17","slug":"hemophilia","status":"publish","type":"page","link":"http:\/\/www.welcaresupply.com\/spanish\/hemophilia","title":{"rendered":"Hemofilia"},"content":{"rendered":"<p>La hemofilia es un trastorno de la sangre que afecta al cuerpo la capacidad de formar co\u00e1gulos de sangre. La hemofilia es mayormente hereditaria ya veces adquirida. Si alguien tiene hemofilia, la persona puede experimentar sangrado durante m\u00e1s tiempo despu\u00e9s de una lesi\u00f3n que el proceso normal. La preocupaci\u00f3n principal es cuando el sangrado sucede dentro, que puede afectar o da\u00f1ar sus \u00f3rganos y tejidos.<\/p>\n<p>La aparici\u00f3n de la hemofilia y otras enfermedades relacionadas con la coagulaci\u00f3n de la sangre puede afectar a las vidas con sus s\u00edntomas. Sin embargo, con la farmacia de calidad adecuada, como Welcare Pharmacy &#038; Surgical, puede contar con las consultas privadas y la dispensaci\u00f3n de instrucciones para manejar sus condiciones de salud.<\/p>\n<p>Tomar medicamentos de especialidad para la hemofilia a veces es dif\u00edcil de cumplir por su cuenta, ya que el MTM (manejo de la terapia de medicaci\u00f3n) involucra revisiones de interacci\u00f3n de medicamentos, suministros m\u00e9dicos y revisiones peri\u00f3dicas de medicamentos. Por lo tanto, el uso de medicaci\u00f3n de especialidad requiere una supervisi\u00f3n dedicada por un farmac\u00e9utico para determinar el uso adecuado y\/o la ingesta. Adem\u00e1s, los medicamentos para la hemofilia son costosos. <\/p>\n<p>Para hacer frente a este dilema, los farmac\u00e9uticos de Welcare Pharmacy &#038; Surgical est\u00e1n dispuestos a facilitar las autorizaciones previas necesarias de fuentes pagadoras o adquirir la posible asistencia financiera de organizaciones sin fines de lucro. Si usted ha sido diagnosticado con Hemofilia, usted puede acceder f\u00e1cilmente a nuestros servicios de farmacia hoy! Para obtener m\u00e1s informaci\u00f3n acerca de los servicios de Pharmacy &#038; Surgical de Welcare y si desea recibir asistencia con las autorizaciones previas de su proveedor de seguros para el tratamiento de la hemofilia, no dude en comunicarse con nosotros en este n\u00famero: <strong> 888-354-7077 <\/strong> Y tener la paz de la mente que usted consigue de nuestros servicios valiosos hoy!<\/p>\n","protected":false},"excerpt":{"rendered":"<p>La hemofilia es un trastorno de la sangre que afecta al cuerpo la capacidad de formar co\u00e1gulos de sangre. La hemofilia es mayormente hereditaria ya veces adquirida. Si alguien tiene hemofilia, la persona puede experimentar sangrado durante m\u00e1s tiempo despu\u00e9s de una lesi\u00f3n que el proceso normal. La preocupaci\u00f3n principal es cuando el sangrado sucede &hellip; <a href=\"http:\/\/www.welcaresupply.com\/spanish\/hemophilia\">Continue reading <span class=\"meta-nav\">&rarr;<\/span><\/a><\/p>\n","protected":false},"author":1,"featured_media":0,"parent":0,"menu_order":0,"comment_status":"closed","ping_status":"closed","template":"","meta":{"footnotes":""},"class_list":["post-613","page","type-page","status-publish","hentry"],"_links":{"self":[{"href":"http:\/\/www.welcaresupply.com\/spanish\/wp-json\/wp\/v2\/pages\/613","targetHints":{"allow":["GET"]}}],"collection":[{"href":"http:\/\/www.welcaresupply.com\/spanish\/wp-json\/wp\/v2\/pages"}],"about":[{"href":"http:\/\/www.welcaresupply.com\/spanish\/wp-json\/wp\/v2\/types\/page"}],"author":[{"embeddable":true,"href":"http:\/\/www.welcaresupply.com\/spanish\/wp-json\/wp\/v2\/users\/1"}],"replies":[{"embeddable":true,"href":"http:\/\/www.welcaresupply.com\/spanish\/wp-json\/wp\/v2\/comments?post=613"}],"version-history":[{"count":4,"href":"http:\/\/www.welcaresupply.com\/spanish\/wp-json\/wp\/v2\/pages\/613\/revisions"}],"predecessor-version":[{"id":4592,"href":"http:\/\/www.welcaresupply.com\/spanish\/wp-json\/wp\/v2\/pages\/613\/revisions\/4592"}],"wp:attachment":[{"href":"http:\/\/www.welcaresupply.com\/spanish\/wp-json\/wp\/v2\/media?parent=613"}],"curies":[{"name":"wp","href":"https:\/\/api.w.org\/{rel}","templated":true}]}}