{"id":615,"date":"2016-08-15T02:52:45","date_gmt":"2016-08-15T02:52:45","guid":{"rendered":"http:\/\/web2.proweaverlinks.com\/tech\/welcarepharmacy\/?page_id=615"},"modified":"2017-02-22T08:07:49","modified_gmt":"2017-02-22T08:07:49","slug":"hiv-aids","status":"publish","type":"page","link":"http:\/\/www.welcaresupply.com\/spanish\/hiv-aids","title":{"rendered":"HIV \/ AIDS"},"content":{"rendered":"<p>El HIV\/AIDS tambi\u00e9n conocido como infecci\u00f3n por el Virus de Inmunodeficiencia Humana y el S\u00edndrome de Inmunodeficiencia Adquirida se considera como una escala de condiciones causada por la infecci\u00f3n con el HIV. Al inicio de esta infecci\u00f3n, por lo general no hay signos \/ s\u00edntomas en el tiempo porque interfiere m\u00e1s con el sistema inmunol\u00f3gico causando repercusiones negativas y dr\u00e1sticas en el cuerpo.<\/p>\n<p>La medicaci\u00f3n especializada usada para tratar el HIV\/AIDS implica esencialmente la supervisi\u00f3n peri\u00f3dica por un farmac\u00e9utico para promover la adherencia de la terapia del paciente. Farmacias especializadas como Welcare Pharmacy &#038; Surgical pueden ayudar con el asesoramiento y la orientaci\u00f3n para aliviar sus s\u00edntomas. Welcare Pharmacy &#038; Surgical puede ayudarle a lidiar con los desaf\u00edos cotidianos a los que puede enfrentarse al inicio del HIV\/AIDS u otras enfermedades relacionadas con trastornos autoinmunes.<\/p>\n<p>El curso de la terapia para el HIV\/AIDS Specialty Medicamentos puede ser complicado por la raz\u00f3n de que multi-facetas MTM se compone de m\u00faltiples medicamentos para controlar, recargas de recetas c\u00edclicas y consultas intermitentes farmac\u00e9utico. Adem\u00e1s, los medicamentos especiales para el HIV\/AIDS son caros. Sabiendo esto, Welcare Pharmacy &#038; Surgical estar\u00e1 siempre disponible para proporcionar asistencia coordinando con compa\u00f1\u00edas de seguros para autorizaciones previas o con organizaciones sin fines de lucro para apelar para ayuda financiera.<\/p>\n<p>Para obtener m\u00e1s informaci\u00f3n sobre los servicios de Pharmacy &#038; Surgical de Welcare y si desea recibir asistencia con la Coordinaci\u00f3n de M\u00e9dicos y recargas de recetas recurrentes, no dude en contactarnos en este n\u00famero: <strong> 888-354-7077 <\/strong> y tener la paz de Mente que usted consigue de nuestros servicios valiosos hoy!<\/p>\n","protected":false},"excerpt":{"rendered":"<p>El HIV\/AIDS tambi\u00e9n conocido como infecci\u00f3n por el Virus de Inmunodeficiencia Humana y el S\u00edndrome de Inmunodeficiencia Adquirida se considera como una escala de condiciones causada por la infecci\u00f3n con el HIV. Al inicio de esta infecci\u00f3n, por lo general no hay signos \/ s\u00edntomas en el tiempo porque interfiere m\u00e1s con el sistema inmunol\u00f3gico &hellip; <a href=\"http:\/\/www.welcaresupply.com\/spanish\/hiv-aids\">Continue reading <span class=\"meta-nav\">&rarr;<\/span><\/a><\/p>\n","protected":false},"author":1,"featured_media":0,"parent":0,"menu_order":0,"comment_status":"closed","ping_status":"closed","template":"","meta":{"footnotes":""},"class_list":["post-615","page","type-page","status-publish","hentry"],"_links":{"self":[{"href":"http:\/\/www.welcaresupply.com\/spanish\/wp-json\/wp\/v2\/pages\/615","targetHints":{"allow":["GET"]}}],"collection":[{"href":"http:\/\/www.welcaresupply.com\/spanish\/wp-json\/wp\/v2\/pages"}],"about":[{"href":"http:\/\/www.welcaresupply.com\/spanish\/wp-json\/wp\/v2\/types\/page"}],"author":[{"embeddable":true,"href":"http:\/\/www.welcaresupply.com\/spanish\/wp-json\/wp\/v2\/users\/1"}],"replies":[{"embeddable":true,"href":"http:\/\/www.welcaresupply.com\/spanish\/wp-json\/wp\/v2\/comments?post=615"}],"version-history":[{"count":4,"href":"http:\/\/www.welcaresupply.com\/spanish\/wp-json\/wp\/v2\/pages\/615\/revisions"}],"predecessor-version":[{"id":4537,"href":"http:\/\/www.welcaresupply.com\/spanish\/wp-json\/wp\/v2\/pages\/615\/revisions\/4537"}],"wp:attachment":[{"href":"http:\/\/www.welcaresupply.com\/spanish\/wp-json\/wp\/v2\/media?parent=615"}],"curies":[{"name":"wp","href":"https:\/\/api.w.org\/{rel}","templated":true}]}}