{"id":616,"date":"2016-08-15T02:52:48","date_gmt":"2016-08-15T02:52:48","guid":{"rendered":"http:\/\/web2.proweaverlinks.com\/tech\/welcarepharmacy\/?page_id=616"},"modified":"2017-02-22T10:54:19","modified_gmt":"2017-02-22T10:54:19","slug":"infusion-therapy","status":"publish","type":"page","link":"http:\/\/www.welcaresupply.com\/spanish\/infusion-therapy","title":{"rendered":"Terapia de infusi\u00f3n"},"content":{"rendered":"<p>La terapia de infusi\u00f3n, o tambi\u00e9n conocida como &#8220;intravenosa&#8221;, &#8220;intramuscular&#8221; o &#8220;epidural&#8221; (para el embarazo) es un modo no oral de administraci\u00f3n de medicaci\u00f3n a trav\u00e9s de una aguja o cat\u00e9ter. La terapia de infusi\u00f3n es administrada por m\u00e9dicos con licencia a pacientes que sufren condiciones severas que no pueden ser tratados v\u00eda medicamentos orales. Este m\u00e9todo se utiliza para las infecciones tales como enfermedades relacionadas con el c\u00e1ncer, deficiencias inmunol\u00f3gicas, insuficiencia card\u00edaca congestiva, trastornos gastrointestinales y m\u00e1s.<\/p>\n<p>Los reg\u00edmenes de medicamentos, sin embargo, son complejos ya que la terapia multifac\u00e9tica implica consultas intermitentes de farmac\u00e9utico, revisiones peri\u00f3dicas de medicamentos y m\u00faltiples medicamentos para monitorizar. Adem\u00e1s, los medicamentos y suministros m\u00e9dicos para tratar enfermedades que requieren terapia de infusi\u00f3n probablemente costar\u00e1n m\u00e1s que los productos farmac\u00e9uticos disponibles comercialmente. Algunos medicamentos requieren instrucciones especiales y alg\u00fan grado de monitoreo debido a la complejidad de sus m\u00e9todos. <\/p>\n<p>Los pacientes pueden recurrir a los farmac\u00e9uticos de Welcare Pharmacy &#038; Surgical para obtener conocimientos, asistencia y atenci\u00f3n para ayudarles con la terapia de infusi\u00f3n. Con Welcare Pharmacy &#038; Surgical, los pacientes tienen una ayuda con la experiencia sobre el diagn\u00f3stico de enfermedades que requieren terapia de infusi\u00f3n. Los pacientes realmente pueden contar con Welcare Pharmacy &#038; Surgical para obtener las autorizaciones previas necesarias de los proveedores de seguros y ayudar en el acceso a apoyo basado en la comunidad para reducir los costos.<\/p>\n<p>Para obtener m\u00e1s informaci\u00f3n sobre los servicios de Pharmacy &#038; Surgical de Welcare y si desea recibir asistencia con Drug Interaction Reviews por el Farmac\u00e9utico, no dude en contactarnos en este n\u00famero: <strong> 888-354-7077 <\/strong> y tener la paz de Mente que usted consigue de nuestros servicios integrales hoy!<\/p>\n","protected":false},"excerpt":{"rendered":"<p>La terapia de infusi\u00f3n, o tambi\u00e9n conocida como &#8220;intravenosa&#8221;, &#8220;intramuscular&#8221; o &#8220;epidural&#8221; (para el embarazo) es un modo no oral de administraci\u00f3n de medicaci\u00f3n a trav\u00e9s de una aguja o cat\u00e9ter. La terapia de infusi\u00f3n es administrada por m\u00e9dicos con licencia a pacientes que sufren condiciones severas que no pueden ser tratados v\u00eda medicamentos orales. &hellip; <a href=\"http:\/\/www.welcaresupply.com\/spanish\/infusion-therapy\">Continue reading <span class=\"meta-nav\">&rarr;<\/span><\/a><\/p>\n","protected":false},"author":1,"featured_media":0,"parent":0,"menu_order":0,"comment_status":"closed","ping_status":"closed","template":"","meta":{"footnotes":""},"class_list":["post-616","page","type-page","status-publish","hentry"],"_links":{"self":[{"href":"http:\/\/www.welcaresupply.com\/spanish\/wp-json\/wp\/v2\/pages\/616","targetHints":{"allow":["GET"]}}],"collection":[{"href":"http:\/\/www.welcaresupply.com\/spanish\/wp-json\/wp\/v2\/pages"}],"about":[{"href":"http:\/\/www.welcaresupply.com\/spanish\/wp-json\/wp\/v2\/types\/page"}],"author":[{"embeddable":true,"href":"http:\/\/www.welcaresupply.com\/spanish\/wp-json\/wp\/v2\/users\/1"}],"replies":[{"embeddable":true,"href":"http:\/\/www.welcaresupply.com\/spanish\/wp-json\/wp\/v2\/comments?post=616"}],"version-history":[{"count":4,"href":"http:\/\/www.welcaresupply.com\/spanish\/wp-json\/wp\/v2\/pages\/616\/revisions"}],"predecessor-version":[{"id":4596,"href":"http:\/\/www.welcaresupply.com\/spanish\/wp-json\/wp\/v2\/pages\/616\/revisions\/4596"}],"wp:attachment":[{"href":"http:\/\/www.welcaresupply.com\/spanish\/wp-json\/wp\/v2\/media?parent=616"}],"curies":[{"name":"wp","href":"https:\/\/api.w.org\/{rel}","templated":true}]}}