{"id":617,"date":"2016-08-15T02:52:52","date_gmt":"2016-08-15T02:52:52","guid":{"rendered":"http:\/\/web2.proweaverlinks.com\/tech\/welcarepharmacy\/?page_id=617"},"modified":"2017-02-22T10:51:23","modified_gmt":"2017-02-22T10:51:23","slug":"ig-therapy","status":"publish","type":"page","link":"http:\/\/www.welcaresupply.com\/spanish\/ig-therapy","title":{"rendered":"Terapia de IG"},"content":{"rendered":"<p>La terapia con IG o Inmunoglobulina es el tratamiento con las mezclas de anticuerpos-inmunoglobulina administradas por v\u00eda intravenosa, subcut\u00e1nea o intramuscular. Este anticuerpo ayuda a tratar o prevenir una amplia gama de enfermedades, ya que sus efectos duran entre dos semanas y tres meses. Esto tambi\u00e9n puede ser \u00fatil para las personas que son incapaces de producir cantidades sustanciales de IG o anticuerpos como los pacientes con s\u00edndrome de Wiskott Aldrich y CVID.<\/p>\n<p>Como farmac\u00e9uticos, Welcare Pharmacy &#038; Surgical quiere ayudar con lo que muchos pacientes tienen que sufrir al ser diagnosticados con problemas de salud que necesitan terapia de IG. En nuestro campo de pr\u00e1ctica como una farmacia especializada, estamos comprometidos a proporcionar informaci\u00f3n valiosa y orientaci\u00f3n para que puedan hacer frente a los s\u00edntomas.<\/p>\n<p>Los medicamentos especializados que se usan para tratar la enfermedad necesitan instrucciones o instrucciones particulares del farmac\u00e9utico para asegurar la correcta ingesta o administraci\u00f3n por parte del paciente. Los horarios de la medicaci\u00f3n pueden ser a menudo dif\u00edciles de cumplir ya que la terapia incluir\u00e1 las consultas intermitentes del farmac\u00e9utico, las revisiones de la interacci\u00f3n de la droga, y las recargas c\u00edclicas de la prescripci\u00f3n. Adem\u00e1s, los suministros de atenci\u00f3n m\u00e9dica y medicamentos espec\u00edficos de la enfermedad pueden ser costosos.<\/p>\n<p>Para los pacientes de bajos ingresos, Welcare Pharmacy &#038; Surgical est\u00e1n m\u00e1s que dispuestos a ayudar coordinando con las fuentes de pago para las autorizaciones previas y tambi\u00e9n apoyar\u00e1 a los pacientes al fabricante para una posible ayuda financiera. Para obtener m\u00e1s informaci\u00f3n sobre los servicios de Pharmacy &#038; Surgical de Welcare y si desea recibir asistencia con el cumplimiento de la terapia de medicaci\u00f3n, no dude en comunicarse con nosotros en este n\u00famero: <strong> 888-354-7077 <\/strong> y tenga la tranquilidad de que usted Obtenga de nuestros servicios integrales hoy!<\/p>\n","protected":false},"excerpt":{"rendered":"<p>La terapia con IG o Inmunoglobulina es el tratamiento con las mezclas de anticuerpos-inmunoglobulina administradas por v\u00eda intravenosa, subcut\u00e1nea o intramuscular. Este anticuerpo ayuda a tratar o prevenir una amplia gama de enfermedades, ya que sus efectos duran entre dos semanas y tres meses. Esto tambi\u00e9n puede ser \u00fatil para las personas que son incapaces &hellip; <a href=\"http:\/\/www.welcaresupply.com\/spanish\/ig-therapy\">Continue reading <span class=\"meta-nav\">&rarr;<\/span><\/a><\/p>\n","protected":false},"author":1,"featured_media":0,"parent":0,"menu_order":0,"comment_status":"closed","ping_status":"closed","template":"","meta":{"footnotes":""},"class_list":["post-617","page","type-page","status-publish","hentry"],"_links":{"self":[{"href":"http:\/\/www.welcaresupply.com\/spanish\/wp-json\/wp\/v2\/pages\/617","targetHints":{"allow":["GET"]}}],"collection":[{"href":"http:\/\/www.welcaresupply.com\/spanish\/wp-json\/wp\/v2\/pages"}],"about":[{"href":"http:\/\/www.welcaresupply.com\/spanish\/wp-json\/wp\/v2\/types\/page"}],"author":[{"embeddable":true,"href":"http:\/\/www.welcaresupply.com\/spanish\/wp-json\/wp\/v2\/users\/1"}],"replies":[{"embeddable":true,"href":"http:\/\/www.welcaresupply.com\/spanish\/wp-json\/wp\/v2\/comments?post=617"}],"version-history":[{"count":4,"href":"http:\/\/www.welcaresupply.com\/spanish\/wp-json\/wp\/v2\/pages\/617\/revisions"}],"predecessor-version":[{"id":4593,"href":"http:\/\/www.welcaresupply.com\/spanish\/wp-json\/wp\/v2\/pages\/617\/revisions\/4593"}],"wp:attachment":[{"href":"http:\/\/www.welcaresupply.com\/spanish\/wp-json\/wp\/v2\/media?parent=617"}],"curies":[{"name":"wp","href":"https:\/\/api.w.org\/{rel}","templated":true}]}}