{"id":620,"date":"2016-08-15T02:53:02","date_gmt":"2016-08-15T02:53:02","guid":{"rendered":"http:\/\/web2.proweaverlinks.com\/tech\/welcarepharmacy\/?page_id=620"},"modified":"2017-02-22T10:59:35","modified_gmt":"2017-02-22T10:59:35","slug":"ophthalmology","status":"publish","type":"page","link":"http:\/\/www.welcaresupply.com\/spanish\/ophthalmology","title":{"rendered":"Oftalmolog\u00eda"},"content":{"rendered":"<p>La oftalmolog\u00eda es una rama de la ciencia que se ocupa principalmente de cualquier cosa que involucre concerniente a los ojos. Los especialistas en cirug\u00eda y los ojos m\u00e9dicos o tambi\u00e9n conocidos como oftalm\u00f3logos realizar operaciones oculares a las personas diagnosticadas con problemas oculares diferentes.<\/p>\n<p>Los medicamentos especiales se utilizan para tratar enfermedades de los ojos que esencialmente implican instrucciones especiales y cierto grado de supervisi\u00f3n debido a los m\u00e9todos complejos. Los reg\u00edmenes de medicaci\u00f3n en estas operaciones podr\u00edan ser complejos ya que la terapia multifac\u00e9tica implica coordinaci\u00f3n entre el farmac\u00e9utico y el m\u00e9dico, revisiones continuas del nivel de dosificaci\u00f3n y m\u00faltiples medicamentos para monitorizar. Adem\u00e1s, los medicamentos y suministros m\u00e9dicos para los tratamientos de la enfermedad ocular son m\u00e1s caros en comparaci\u00f3n con la mayor\u00eda de los medicamentos comerciales.<\/p>\n<p>Welcare Pharmacy &#038; Surgical quiere ser la fuente principal del paciente de recursos \u00fatiles que promueven resultados \u00f3ptimos de la terapia de medicamentos oft\u00e1lmicos. Sabemos todo sobre los s\u00edntomas inc\u00f3modos que los pacientes tienen que tratar cuando sus m\u00e9dicos los diagnostican con problemas severos de la visi\u00f3n y queremos ayudarle con eso. Oportunamente, Welcare Pharmacy &#038; Surgical tiene farmac\u00e9uticos con conocimientos para ayudar a coordinar con las compa\u00f1\u00edas de seguros para autorizaciones previas o adquirir la posible asistencia financiera de organizaciones sin fines de lucro. <\/p>\n<p>Para obtener m\u00e1s informaci\u00f3n acerca de los servicios Welcare Pharmacy &#038; Surgical y si desea recibir asistencia con las autorizaciones previas de su proveedor de seguros para el tratamiento de enfermedades oculares, no dude en comunicarse con nosotros en este n\u00famero: <strong>888-354-7077<\/strong > Y tener la paz de la mente que usted consigue de nuestros servicios valiosos hoy!<\/p>\n","protected":false},"excerpt":{"rendered":"<p>La oftalmolog\u00eda es una rama de la ciencia que se ocupa principalmente de cualquier cosa que involucre concerniente a los ojos. Los especialistas en cirug\u00eda y los ojos m\u00e9dicos o tambi\u00e9n conocidos como oftalm\u00f3logos realizar operaciones oculares a las personas diagnosticadas con problemas oculares diferentes. Los medicamentos especiales se utilizan para tratar enfermedades de los &hellip; <a href=\"http:\/\/www.welcaresupply.com\/spanish\/ophthalmology\">Continue reading <span class=\"meta-nav\">&rarr;<\/span><\/a><\/p>\n","protected":false},"author":1,"featured_media":0,"parent":0,"menu_order":0,"comment_status":"closed","ping_status":"closed","template":"","meta":{"footnotes":""},"class_list":["post-620","page","type-page","status-publish","hentry"],"_links":{"self":[{"href":"http:\/\/www.welcaresupply.com\/spanish\/wp-json\/wp\/v2\/pages\/620","targetHints":{"allow":["GET"]}}],"collection":[{"href":"http:\/\/www.welcaresupply.com\/spanish\/wp-json\/wp\/v2\/pages"}],"about":[{"href":"http:\/\/www.welcaresupply.com\/spanish\/wp-json\/wp\/v2\/types\/page"}],"author":[{"embeddable":true,"href":"http:\/\/www.welcaresupply.com\/spanish\/wp-json\/wp\/v2\/users\/1"}],"replies":[{"embeddable":true,"href":"http:\/\/www.welcaresupply.com\/spanish\/wp-json\/wp\/v2\/comments?post=620"}],"version-history":[{"count":5,"href":"http:\/\/www.welcaresupply.com\/spanish\/wp-json\/wp\/v2\/pages\/620\/revisions"}],"predecessor-version":[{"id":4604,"href":"http:\/\/www.welcaresupply.com\/spanish\/wp-json\/wp\/v2\/pages\/620\/revisions\/4604"}],"wp:attachment":[{"href":"http:\/\/www.welcaresupply.com\/spanish\/wp-json\/wp\/v2\/media?parent=620"}],"curies":[{"name":"wp","href":"https:\/\/api.w.org\/{rel}","templated":true}]}}