{"id":621,"date":"2016-08-15T02:53:05","date_gmt":"2016-08-15T02:53:05","guid":{"rendered":"http:\/\/web2.proweaverlinks.com\/tech\/welcarepharmacy\/?page_id=621"},"modified":"2017-02-22T11:00:04","modified_gmt":"2017-02-22T11:00:04","slug":"organ-transplant","status":"publish","type":"page","link":"http:\/\/www.welcaresupply.com\/spanish\/organ-transplant","title":{"rendered":"Trasplante de Organo"},"content":{"rendered":"<p>El trasplante de \u00f3rganos ocurre cuando los m\u00e9dicos o cirujanos extraen un \u00f3rgano de una persona y lo colocan en otro cuerpo. El \u00f3rgano puede provenir de una persona viva o de una persona que ha muerto. Este procedimiento complejo tiene lugar cuando uno de los \u00f3rganos importantes -coraz\u00f3n, intestino, ri\u00f1\u00f3n, h\u00edgado, pulm\u00f3n, p\u00e1ncreas- ha fracasado. Algunas personas esperan mucho tiempo porque los m\u00e9dicos deben hacer coincidir los donantes y receptores para reducir o evitar los riesgos del rechazo del trasplante.<\/p>\n<p>Los medicamentos especializados se usan para tratar los efectos adversos que tambi\u00e9n necesitan instrucciones o instrucciones particulares del farmac\u00e9utico para asegurar la correcta ingesta o administraci\u00f3n por parte del paciente. Los horarios de la medicaci\u00f3n pueden ser a menudo dif\u00edciles de cumplir ya que la gerencia de la terapia de la medicaci\u00f3n comprende de la coordinaci\u00f3n entre el farmac\u00e9utico y el m\u00e9dico, las consultas intermitentes del farmac\u00e9utico, y las recargas c\u00edclicas de la prescripci\u00f3n. Lo que es m\u00e1s, estos suministros de atenci\u00f3n m\u00e9dica y medicamentos espec\u00edficos para la recuperaci\u00f3n tras trasplante de \u00f3rganos pueden ser costosos.<\/p>\n<p>Welcare Pharmacy &#038; Surgical realiza la mayor\u00eda de los efectos post-hospitalizaci\u00f3n que los pacientes sufren con problemas de salud relacionados despu\u00e9s de un trasplante de \u00f3rganos. Nuestro compromiso es dar a los pacientes y profesionales de la salud acceso a consultas privadas y dispensar instrucciones para manejar sus condiciones de salud. En consonancia con esto, siempre estaremos disponibles para proporcionar asistencia mediante la coordinaci\u00f3n con las compa\u00f1\u00edas de seguros para las autorizaciones previas y tambi\u00e9n apoyar\u00e1 a los pacientes al fabricante para una posible ayuda financiera.<\/p>\n<p>Tenga la seguridad de que con Welcare Pharmacy &#038; Surgical, obtendr\u00e1 la calidad de servicios completos, personalizados y profesionales. Para obtener m\u00e1s informaci\u00f3n sobre los servicios Welcare Pharmacy &#038; Surgical y si desea recibir asistencia con comentarios de farmacoterapia por parte del farmac\u00e9utico, no dude en comunicarse con nosotros en este n\u00famero: <strong>888-354-7077<\/strong> y tenga la paz de Mente que usted consigue de nuestros servicios valiosos hoy!<\/p>\n","protected":false},"excerpt":{"rendered":"<p>El trasplante de \u00f3rganos ocurre cuando los m\u00e9dicos o cirujanos extraen un \u00f3rgano de una persona y lo colocan en otro cuerpo. El \u00f3rgano puede provenir de una persona viva o de una persona que ha muerto. Este procedimiento complejo tiene lugar cuando uno de los \u00f3rganos importantes -coraz\u00f3n, intestino, ri\u00f1\u00f3n, h\u00edgado, pulm\u00f3n, p\u00e1ncreas- ha &hellip; <a href=\"http:\/\/www.welcaresupply.com\/spanish\/organ-transplant\">Continue reading <span class=\"meta-nav\">&rarr;<\/span><\/a><\/p>\n","protected":false},"author":1,"featured_media":0,"parent":0,"menu_order":0,"comment_status":"closed","ping_status":"closed","template":"","meta":{"footnotes":""},"class_list":["post-621","page","type-page","status-publish","hentry"],"_links":{"self":[{"href":"http:\/\/www.welcaresupply.com\/spanish\/wp-json\/wp\/v2\/pages\/621","targetHints":{"allow":["GET"]}}],"collection":[{"href":"http:\/\/www.welcaresupply.com\/spanish\/wp-json\/wp\/v2\/pages"}],"about":[{"href":"http:\/\/www.welcaresupply.com\/spanish\/wp-json\/wp\/v2\/types\/page"}],"author":[{"embeddable":true,"href":"http:\/\/www.welcaresupply.com\/spanish\/wp-json\/wp\/v2\/users\/1"}],"replies":[{"embeddable":true,"href":"http:\/\/www.welcaresupply.com\/spanish\/wp-json\/wp\/v2\/comments?post=621"}],"version-history":[{"count":6,"href":"http:\/\/www.welcaresupply.com\/spanish\/wp-json\/wp\/v2\/pages\/621\/revisions"}],"predecessor-version":[{"id":4606,"href":"http:\/\/www.welcaresupply.com\/spanish\/wp-json\/wp\/v2\/pages\/621\/revisions\/4606"}],"wp:attachment":[{"href":"http:\/\/www.welcaresupply.com\/spanish\/wp-json\/wp\/v2\/media?parent=621"}],"curies":[{"name":"wp","href":"https:\/\/api.w.org\/{rel}","templated":true}]}}