{"id":622,"date":"2016-08-15T02:53:08","date_gmt":"2016-08-15T02:53:08","guid":{"rendered":"http:\/\/web2.proweaverlinks.com\/tech\/welcarepharmacy\/?page_id=622"},"modified":"2017-02-22T11:08:30","modified_gmt":"2017-02-22T11:08:30","slug":"pain-management","status":"publish","type":"page","link":"http:\/\/www.welcaresupply.com\/spanish\/pain-management","title":{"rendered":"El Manejo del Dolor"},"content":{"rendered":"<p>El manejo del dolor es vital, ya que proporciona un control a largo plazo, especialmente para las personas que sufren de dolor cr\u00f3nico. El dolor es una experiencia sensorial y emocional desagradable que con el tiempo puede ser una condici\u00f3n debilitante que afecta a todos los aspectos de su vida. Usted debe consultar a su m\u00e9dico para la evaluaci\u00f3n del dolor antes de comprar medicamentos para aliviar el dolor o tratamientos para el dolor.<\/p>\n<p>Los medicamentos especializados se utilizan para tratar la sensaci\u00f3n desagradable que tambi\u00e9n necesita instrucciones particulares o instrucciones del farmac\u00e9utico para garantizar la correcta ingesta o administraci\u00f3n por parte del paciente. Los horarios de ingesta y el modo de administraci\u00f3n de medicamentos son dif\u00edciles de seguir ya que el MTM (administraci\u00f3n de terapia de medicamentos) cubre m\u00faltiples medicamentos para monitorear, recargas de recetas c\u00edclicas y coordinaci\u00f3n entre farmac\u00e9utico y m\u00e9dico. En consonancia con esto, los suministros m\u00e9dicos y los medicamentos pertenecientes a la categor\u00eda de especialidad ten\u00edan un precio relativamente m\u00e1s alto.<\/p>\n<p>Welcare Pharmacy &#038; Surgical puede ser la fuente de informaci\u00f3n del paciente para almacenar, organizar y rellenar medicamentos recetados que les ayuden a manejar los efectos debilitantes de la enfermedad. Como farmac\u00e9uticos, estamos familiarizados con lo que muchos pacientes tienen que sufrir en relaci\u00f3n con el dolor cr\u00f3nico. Sabiendo esto, nuestros farmac\u00e9uticos est\u00e1n preparados para obtener autorizaciones previas en nombre del paciente de sus proveedores de seguros, as\u00ed como apoyar al paciente para el apoyo financiero con el fabricante.<\/p>\n<p>Para obtener m\u00e1s informaci\u00f3n sobre los servicios de Pharmacy &#038; Surgical de Welcare y si desea recibir asistencia con la Adhesi\u00f3n a Medicamentos, no dude en comunicarse con nosotros en este n\u00famero: <strong> 888-354-7077 <\/strong> Y servicios de farmacia conveniente hoy!<\/p>\n","protected":false},"excerpt":{"rendered":"<p>El manejo del dolor es vital, ya que proporciona un control a largo plazo, especialmente para las personas que sufren de dolor cr\u00f3nico. El dolor es una experiencia sensorial y emocional desagradable que con el tiempo puede ser una condici\u00f3n debilitante que afecta a todos los aspectos de su vida. Usted debe consultar a su &hellip; <a href=\"http:\/\/www.welcaresupply.com\/spanish\/pain-management\">Continue reading <span class=\"meta-nav\">&rarr;<\/span><\/a><\/p>\n","protected":false},"author":1,"featured_media":0,"parent":0,"menu_order":0,"comment_status":"closed","ping_status":"closed","template":"","meta":{"footnotes":""},"class_list":["post-622","page","type-page","status-publish","hentry"],"_links":{"self":[{"href":"http:\/\/www.welcaresupply.com\/spanish\/wp-json\/wp\/v2\/pages\/622","targetHints":{"allow":["GET"]}}],"collection":[{"href":"http:\/\/www.welcaresupply.com\/spanish\/wp-json\/wp\/v2\/pages"}],"about":[{"href":"http:\/\/www.welcaresupply.com\/spanish\/wp-json\/wp\/v2\/types\/page"}],"author":[{"embeddable":true,"href":"http:\/\/www.welcaresupply.com\/spanish\/wp-json\/wp\/v2\/users\/1"}],"replies":[{"embeddable":true,"href":"http:\/\/www.welcaresupply.com\/spanish\/wp-json\/wp\/v2\/comments?post=622"}],"version-history":[{"count":4,"href":"http:\/\/www.welcaresupply.com\/spanish\/wp-json\/wp\/v2\/pages\/622\/revisions"}],"predecessor-version":[{"id":4617,"href":"http:\/\/www.welcaresupply.com\/spanish\/wp-json\/wp\/v2\/pages\/622\/revisions\/4617"}],"wp:attachment":[{"href":"http:\/\/www.welcaresupply.com\/spanish\/wp-json\/wp\/v2\/media?parent=622"}],"curies":[{"name":"wp","href":"https:\/\/api.w.org\/{rel}","templated":true}]}}