{"id":624,"date":"2016-08-15T02:53:13","date_gmt":"2016-08-15T02:53:13","guid":{"rendered":"http:\/\/web2.proweaverlinks.com\/tech\/welcarepharmacy\/?page_id=624"},"modified":"2017-02-22T09:44:42","modified_gmt":"2017-02-22T09:44:42","slug":"rsv","status":"publish","type":"page","link":"http:\/\/www.welcaresupply.com\/spanish\/rsv","title":{"rendered":"RSV"},"content":{"rendered":"<p>RSV o Respiratory syncytial virus es un virus respiratorio que causa diferentes infecciones moderadas a graves de los pulmones y el tracto respiratorio. Esto se dice que es contra\u00eddo com\u00fanmente por beb\u00e9s prematuros, infantes y ni\u00f1os peque\u00f1os, pero tambi\u00e9n puede infectar a los adultos mayores con el sistema inmunol\u00f3gico d\u00e9bil. A veces, este virus suele imitar el resfriado com\u00fan que eventualmente conduce a la bronquiolitis y la neumon\u00eda.<\/p>\n<p>En t\u00e9rminos de terapia, el curso para los medicamentos especializados de RSV puede ser complejo ya que el MTM (administraci\u00f3n de terapia de medicamentos) cubre evaluaciones peri\u00f3dicas de medicamentos, consultas intermitentes de farmac\u00e9uticos y recargas de recetas c\u00edclicas. Adem\u00e1s, estos suministros de atenci\u00f3n m\u00e9dica y medicamentos espec\u00edficos para el VSR pueden ser costosos. Adem\u00e1s, los tratamientos de especialidad utilizados para tratar el RSV necesitan un monitoreo peri\u00f3dico por un farmac\u00e9utico para promover la adherencia del paciente a la terapia.<\/p>\n<p>Welcare Pharmacy &#038; Surgical se compromete a proporcionar a los pacientes y profesionales de la salud acceso a consultas privadas y dispensaci\u00f3n de instrucciones para manejar sus condiciones de salud. Los farmac\u00e9uticos de Welcare Pharmacy &#038; Surgical saben lo que los pacientes tienen que pasar una vez diagnosticados con RSV o problemas de salud asociados con RSV; Por lo tanto, queremos ser una fuente disponible para proporcionar asistencia mediante la coordinaci\u00f3n con las compa\u00f1\u00edas de seguros para autorizaciones previas y tambi\u00e9n apoyar a los pacientes al fabricante para la posible ayuda financiera.<\/p>\n<p>Para obtener m\u00e1s informaci\u00f3n acerca de los servicios de Pharmacy &#038; Surgical de Welcare y si desea recibir asistencia con la Adhesi\u00f3n a Medicamentos y las Revisiones de Interacci\u00f3n con Medicamentos, no dude en comunicarse con nosotros en este n\u00famero: <strong>888-354-7077<\/strong> Usted puede tener acceso a servicios de farmacia personalizados y convenientes hoy!<\/p>\n","protected":false},"excerpt":{"rendered":"<p>RSV o Respiratory syncytial virus es un virus respiratorio que causa diferentes infecciones moderadas a graves de los pulmones y el tracto respiratorio. Esto se dice que es contra\u00eddo com\u00fanmente por beb\u00e9s prematuros, infantes y ni\u00f1os peque\u00f1os, pero tambi\u00e9n puede infectar a los adultos mayores con el sistema inmunol\u00f3gico d\u00e9bil. A veces, este virus suele &hellip; <a href=\"http:\/\/www.welcaresupply.com\/spanish\/rsv\">Continue reading <span class=\"meta-nav\">&rarr;<\/span><\/a><\/p>\n","protected":false},"author":1,"featured_media":0,"parent":0,"menu_order":0,"comment_status":"closed","ping_status":"closed","template":"","meta":{"footnotes":""},"class_list":["post-624","page","type-page","status-publish","hentry"],"_links":{"self":[{"href":"http:\/\/www.welcaresupply.com\/spanish\/wp-json\/wp\/v2\/pages\/624","targetHints":{"allow":["GET"]}}],"collection":[{"href":"http:\/\/www.welcaresupply.com\/spanish\/wp-json\/wp\/v2\/pages"}],"about":[{"href":"http:\/\/www.welcaresupply.com\/spanish\/wp-json\/wp\/v2\/types\/page"}],"author":[{"embeddable":true,"href":"http:\/\/www.welcaresupply.com\/spanish\/wp-json\/wp\/v2\/users\/1"}],"replies":[{"embeddable":true,"href":"http:\/\/www.welcaresupply.com\/spanish\/wp-json\/wp\/v2\/comments?post=624"}],"version-history":[{"count":5,"href":"http:\/\/www.welcaresupply.com\/spanish\/wp-json\/wp\/v2\/pages\/624\/revisions"}],"predecessor-version":[{"id":4567,"href":"http:\/\/www.welcaresupply.com\/spanish\/wp-json\/wp\/v2\/pages\/624\/revisions\/4567"}],"wp:attachment":[{"href":"http:\/\/www.welcaresupply.com\/spanish\/wp-json\/wp\/v2\/media?parent=624"}],"curies":[{"name":"wp","href":"https:\/\/api.w.org\/{rel}","templated":true}]}}