{"id":625,"date":"2016-08-15T02:53:16","date_gmt":"2016-08-15T02:53:16","guid":{"rendered":"http:\/\/web2.proweaverlinks.com\/tech\/welcarepharmacy\/?page_id=625"},"modified":"2017-02-22T11:19:56","modified_gmt":"2017-02-22T11:19:56","slug":"urology","status":"publish","type":"page","link":"http:\/\/www.welcaresupply.com\/spanish\/urology","title":{"rendered":"Urolog\u00eda"},"content":{"rendered":"<p>La urolog\u00eda, tambi\u00e9n conocida como cirug\u00eda genitourinaria, es una rama de la medicina que se centra principalmente en el sistema urinario y el sistema reproductivo masculino (ginecolog\u00eda para el sistema reproductivo femenino). Estas partes est\u00e1n atadas en esta rama porque la mayor\u00eda de sus trastornos y condiciones est\u00e1n estrechamente relacionados entre s\u00ed. Al igual que otras ramas, la urolog\u00eda se combina al tratar tanto las condiciones no quir\u00fargicas (es decir, IU, hiperplasia prost\u00e1tica benigna) como las condiciones quir\u00fargicas tales como c\u00e1ncer de vejiga \/ pr\u00f3stata, c\u00e1lculos renales, incontinencia de esfuerzo, etc.<\/p>\n<p>Los medicamentos que se usan para tratar la infecci\u00f3n de las v\u00edas urinarias o las infecciones del tracto urinario requieren instrucciones o instrucciones especializadas del farmac\u00e9utico para asegurar la ingesta o administraci\u00f3n adecuadas por parte del paciente. Los horarios de medicaci\u00f3n tambi\u00e9n pueden ser a menudo dif\u00edciles de cumplir ya que la terapia comprender\u00e1 las recargas de recetas c\u00edclicas, las revisiones continuas del nivel de dosificaci\u00f3n y las revisiones peri\u00f3dicas de la terapia de medicaci\u00f3n. Adem\u00e1s, los medicamentos y suministros m\u00e9dicos para la urolog\u00eda son m\u00e1s caros en comparaci\u00f3n con la mayor\u00eda de los medicamentos comerciales.<\/p>\n<p>Welcare Pharmacy &#038; Surgical se compromete a proporcionar a los pacientes y profesionales de la salud acceso a consultas privadas y dispensaci\u00f3n de instrucciones para manejar sus condiciones de salud. Los farmac\u00e9uticos de Welcare Pharmacy &#038; Surgical saben lo que los pacientes tienen que pasar una vez diagnosticados con ITU o problemas de salud asociados con el sistema urinario y reproductor masculino; Por lo que queremos ser un centro accesible para proporcionar asistencia mediante la coordinaci\u00f3n con las compa\u00f1\u00edas de seguros para las autorizaciones previas y tambi\u00e9n apoyar a los pacientes al fabricante para la posible ayuda financiera.<\/p>\n<p>Para obtener m\u00e1s informaci\u00f3n acerca de los servicios de Pharmacy &#038; Surgical de Welcare y si desea recibir asistencia con la Adhesi\u00f3n a Medicamentos y las Revisiones de Interacci\u00f3n con Medicamentos, no dude en comunicarse con nosotros en este n\u00famero: <strong>888-354-7077<\/strong> Usted puede tener acceso a servicios de farmacia personalizados y convenientes hoy!<\/p>\n","protected":false},"excerpt":{"rendered":"<p>La urolog\u00eda, tambi\u00e9n conocida como cirug\u00eda genitourinaria, es una rama de la medicina que se centra principalmente en el sistema urinario y el sistema reproductivo masculino (ginecolog\u00eda para el sistema reproductivo femenino). Estas partes est\u00e1n atadas en esta rama porque la mayor\u00eda de sus trastornos y condiciones est\u00e1n estrechamente relacionados entre s\u00ed. Al igual que &hellip; <a href=\"http:\/\/www.welcaresupply.com\/spanish\/urology\">Continue reading <span class=\"meta-nav\">&rarr;<\/span><\/a><\/p>\n","protected":false},"author":1,"featured_media":0,"parent":0,"menu_order":0,"comment_status":"closed","ping_status":"closed","template":"","meta":{"footnotes":""},"class_list":["post-625","page","type-page","status-publish","hentry"],"_links":{"self":[{"href":"http:\/\/www.welcaresupply.com\/spanish\/wp-json\/wp\/v2\/pages\/625","targetHints":{"allow":["GET"]}}],"collection":[{"href":"http:\/\/www.welcaresupply.com\/spanish\/wp-json\/wp\/v2\/pages"}],"about":[{"href":"http:\/\/www.welcaresupply.com\/spanish\/wp-json\/wp\/v2\/types\/page"}],"author":[{"embeddable":true,"href":"http:\/\/www.welcaresupply.com\/spanish\/wp-json\/wp\/v2\/users\/1"}],"replies":[{"embeddable":true,"href":"http:\/\/www.welcaresupply.com\/spanish\/wp-json\/wp\/v2\/comments?post=625"}],"version-history":[{"count":7,"href":"http:\/\/www.welcaresupply.com\/spanish\/wp-json\/wp\/v2\/pages\/625\/revisions"}],"predecessor-version":[{"id":4636,"href":"http:\/\/www.welcaresupply.com\/spanish\/wp-json\/wp\/v2\/pages\/625\/revisions\/4636"}],"wp:attachment":[{"href":"http:\/\/www.welcaresupply.com\/spanish\/wp-json\/wp\/v2\/media?parent=625"}],"curies":[{"name":"wp","href":"https:\/\/api.w.org\/{rel}","templated":true}]}}