{"id":9,"date":"2016-07-29T08:46:54","date_gmt":"2016-07-29T08:46:54","guid":{"rendered":"http:\/\/localhost\/TASKS2016\/welcarepharmacy\/?page_id=9"},"modified":"2019-03-07T11:19:29","modified_gmt":"2019-03-07T11:19:29","slug":"pharmacy","status":"publish","type":"page","link":"http:\/\/www.welcaresupply.com\/spanish\/pharmacy","title":{"rendered":"Farmacia"},"content":{"rendered":"<p><img decoding=\"async\" class=\"fright-img\" src=\"http:\/\/www.welcaresupply.com\/spanish\/wp-content\/themes\/welcarepharmacy\/images\/thumbs\/pharmacy.jpg\" alt=\"a pharmacist and a customer\" \/><span class=\"comp\">Welcare Pharmacy &amp; Surgical<\/span> es todo sobre la comunidad. Hemos estado sirviendo a las \u00e1reas m\u00e1s grandes de Brooklyn, Manhattan, Queens y New Jersey durante los \u00faltimos 5 a\u00f1os, entregando suministros de farmacia y suministros quir\u00fargicos a nuestros clientes de una manera r\u00e1pida y amistosa. Nuestro equipo entiende que no siempre es posible recoger su farmacia y las necesidades quir\u00fargicas, por lo que ofrecemos la entrega gratuita de todos los suministros m\u00e9dicos en el hogar para hacer la vida m\u00e1s sencilla.<\/p>\n<h2 style=\"font-size: 16px;\"><strong>Acceso sencillo<\/strong><\/h2>\n<p>At <span class=\"comp\">Welcare Pharmacy &amp; Surgical <\/span>, hemos hecho nuestra responsabilidad de asegurar que todos los residentes en el \u00e1rea tengan acceso a productos m\u00e9dicos de la m\u00e1s alta calidad a precios m\u00e1s razonables. Como una compa\u00f1\u00eda de suministro de equipo m\u00e9dico que literalmente ofrece una l\u00ednea completa de suministros quir\u00fargicos, suministros de farmacia, suministros m\u00e9dicos para el hogar, e incluso ortopedia y pr\u00f3tesis &#8211; adem\u00e1s de ofrecer servicios auxiliares de atenci\u00f3n m\u00e9dica para nuestros clientes &#8211; estamos en el negocio para asegurarse de que Obtener exactamente lo que necesita.<\/p>\n<h2 style=\"font-size: 16px;\"><strong>Sirviendo el Mercado de la Salud en el Hogar<\/strong><\/h2>\n<p>Trabajamos con miembros de la comunidad y proveedores m\u00e9dicos que proporcionan atenci\u00f3n en el hogar y en la oficina para asegurar que los productos adecuados lleguen a las personas adecuadas. Al hacerlo, somos capaces de atender a la mayor cantidad de clientes potenciales, desde aquellos que ofrecen las necesidades de atenci\u00f3n m\u00e9dica en el hogar a los pacientes que requieren equipos especializados para mantener su salud.<\/p>\n<h2 style=\"font-size: 16px;\"><strong>Haci\u00e9ndolo f\u00e1cil<\/strong><\/h2>\n<p>Ofrecemos varios tipos de m\u00e9todos de pago y trabajamos con una variedad de proveedores de seguros m\u00e9dicos para asegurarnos de que est\u00e1n cubiertos, no importa qu\u00e9. Y vamos un paso m\u00e1s all\u00e1 para hacer la vida m\u00e1s f\u00e1cil para usted, entregando su orden en l\u00ednea o por tel\u00e9fono directamente a su puerta. Ll\u00e1menos hoy al <strong>718-599-7200<\/strong> para realizar su pedido con nosotros.<\/p>\n","protected":false},"excerpt":{"rendered":"<p>Welcare Pharmacy &amp; Surgical es todo sobre la comunidad. Hemos estado sirviendo a las \u00e1reas m\u00e1s grandes de Brooklyn, Manhattan, Queens y New Jersey durante los \u00faltimos 5 a\u00f1os, entregando suministros de farmacia y suministros quir\u00fargicos a nuestros clientes de una manera r\u00e1pida y amistosa. Nuestro equipo entiende que no siempre es posible recoger su &hellip; <a href=\"http:\/\/www.welcaresupply.com\/spanish\/pharmacy\">Continue reading <span class=\"meta-nav\">&rarr;<\/span><\/a><\/p>\n","protected":false},"author":1,"featured_media":0,"parent":0,"menu_order":0,"comment_status":"closed","ping_status":"closed","template":"","meta":{"footnotes":""},"class_list":["post-9","page","type-page","status-publish","hentry"],"_links":{"self":[{"href":"http:\/\/www.welcaresupply.com\/spanish\/wp-json\/wp\/v2\/pages\/9","targetHints":{"allow":["GET"]}}],"collection":[{"href":"http:\/\/www.welcaresupply.com\/spanish\/wp-json\/wp\/v2\/pages"}],"about":[{"href":"http:\/\/www.welcaresupply.com\/spanish\/wp-json\/wp\/v2\/types\/page"}],"author":[{"embeddable":true,"href":"http:\/\/www.welcaresupply.com\/spanish\/wp-json\/wp\/v2\/users\/1"}],"replies":[{"embeddable":true,"href":"http:\/\/www.welcaresupply.com\/spanish\/wp-json\/wp\/v2\/comments?post=9"}],"version-history":[{"count":16,"href":"http:\/\/www.welcaresupply.com\/spanish\/wp-json\/wp\/v2\/pages\/9\/revisions"}],"predecessor-version":[{"id":4644,"href":"http:\/\/www.welcaresupply.com\/spanish\/wp-json\/wp\/v2\/pages\/9\/revisions\/4644"}],"wp:attachment":[{"href":"http:\/\/www.welcaresupply.com\/spanish\/wp-json\/wp\/v2\/media?parent=9"}],"curies":[{"name":"wp","href":"https:\/\/api.w.org\/{rel}","templated":true}]}}